{"id":802,"date":"2023-11-02T21:30:50","date_gmt":"2023-11-03T01:30:50","guid":{"rendered":"https:\/\/avaltoshop.com\/services\/"},"modified":"2024-09-15T11:07:07","modified_gmt":"2024-09-15T11:07:07","slug":"services-2","status":"publish","type":"page","link":"https:\/\/parsplumbing.ca\/fr\/services-2\/","title":{"rendered":"SERVICES"},"content":{"rendered":"\t\t<div data-elementor-type=\"wp-page\" data-elementor-id=\"802\" class=\"elementor elementor-802\" data-elementor-post-type=\"page\">\n\t\t\t\t\t\t<section class=\"elementor-section elementor-top-section elementor-element elementor-element-3fc9048 elementor-section-boxed elementor-section-height-default elementor-section-height-default\" data-id=\"3fc9048\" data-element_type=\"section\" data-e-type=\"section\">\n\t\t\t\t\t\t<div class=\"elementor-container elementor-column-gap-default\">\n\t\t\t\t\t<div class=\"elementor-column elementor-col-100 elementor-top-column elementor-element elementor-element-0003a00\" data-id=\"0003a00\" data-element_type=\"column\" data-e-type=\"column\">\n\t\t\t<div class=\"elementor-widget-wrap elementor-element-populated\">\n\t\t\t\t\t\t<div class=\"elementor-element elementor-element-64d9879 elementor-widget elementor-widget-image\" data-id=\"64d9879\" data-element_type=\"widget\" data-e-type=\"widget\" data-widget_type=\"image.default\">\n\t\t\t\t<div class=\"elementor-widget-container\">\n\t\t\t\t\t\t\t\t\t\t\t\t\t\t\t\t<a href=\"https:\/\/parsplumbing.ca\/fr\/services-2\/chauffage\/reparations-et-remplacement-de-la-chaudiere\/\">\n\t\t\t\t\t\t\t<img fetchpriority=\"high\" decoding=\"async\" width=\"1024\" height=\"291\" src=\"https:\/\/parsplumbing.ca\/wp-content\/uploads\/2024\/09\/OFF-Boiler-FR-FINAL-1.jpg\" class=\"attachment-full size-full wp-image-4915\" alt=\"10% OFF sur tous les bouilloire au gaz\" srcset=\"https:\/\/parsplumbing.ca\/wp-content\/uploads\/2024\/09\/OFF-Boiler-FR-FINAL-1.jpg 1024w, https:\/\/parsplumbing.ca\/wp-content\/uploads\/2024\/09\/OFF-Boiler-FR-FINAL-1-300x85.jpg 300w, https:\/\/parsplumbing.ca\/wp-content\/uploads\/2024\/09\/OFF-Boiler-FR-FINAL-1-768x218.jpg 768w\" sizes=\"(max-width: 1024px) 100vw, 1024px\" \/>\t\t\t\t\t\t\t\t<\/a>\n\t\t\t\t\t\t\t\t\t\t\t\t\t\t\t<\/div>\n\t\t\t\t<\/div>\n\t\t\t\t\t<\/div>\n\t\t<\/div>\n\t\t\t\t\t<\/div>\n\t\t<\/section>\n\t\t\t\t<section class=\"elementor-section elementor-top-section elementor-element elementor-element-bad4d97 elementor-section-boxed elementor-section-height-default elementor-section-height-default\" data-id=\"bad4d97\" data-element_type=\"section\" data-e-type=\"section\">\n\t\t\t\t\t\t<div class=\"elementor-container elementor-column-gap-default\">\n\t\t\t\t\t<div class=\"elementor-column elementor-col-33 elementor-top-column elementor-element elementor-element-63d8c3d\" data-id=\"63d8c3d\" data-element_type=\"column\" data-e-type=\"column\">\n\t\t\t<div class=\"elementor-widget-wrap elementor-element-populated\">\n\t\t\t\t\t\t<div class=\"elementor-element elementor-element-d9bc1ae elementor-widget elementor-widget-image\" data-id=\"d9bc1ae\" data-element_type=\"widget\" data-e-type=\"widget\" data-widget_type=\"image.default\">\n\t\t\t\t<div class=\"elementor-widget-container\">\n\t\t\t\t\t\t\t\t\t\t\t\t\t\t\t\t<a href=\"https:\/\/parsplumbing.ca\/fr\/services-2\/chauffage\/\">\n\t\t\t\t\t\t\t<img decoding=\"async\" width=\"256\" height=\"261\" src=\"https:\/\/parsplumbing.ca\/wp-content\/uploads\/2023\/10\/heating.jpg-1.webp\" class=\"attachment-large size-large wp-image-311\" alt=\"Heating parsplumbing\" \/>\t\t\t\t\t\t\t\t<\/a>\n\t\t\t\t\t\t\t\t\t\t\t\t\t\t\t<\/div>\n\t\t\t\t<\/div>\n\t\t\t\t\t<\/div>\n\t\t<\/div>\n\t\t\t\t<div class=\"elementor-column elementor-col-33 elementor-top-column elementor-element elementor-element-eadf545\" data-id=\"eadf545\" data-element_type=\"column\" data-e-type=\"column\">\n\t\t\t<div class=\"elementor-widget-wrap elementor-element-populated\">\n\t\t\t\t\t\t<div class=\"elementor-element elementor-element-85002ab elementor-widget elementor-widget-image\" data-id=\"85002ab\" data-element_type=\"widget\" data-e-type=\"widget\" data-widget_type=\"image.default\">\n\t\t\t\t<div class=\"elementor-widget-container\">\n\t\t\t\t\t\t\t\t\t\t\t\t\t\t\t\t<a href=\"https:\/\/parsplumbing.ca\/fr\/services-2\/services-de-plomberie\/\">\n\t\t\t\t\t\t\t<img decoding=\"async\" width=\"256\" height=\"261\" src=\"https:\/\/parsplumbing.ca\/wp-content\/uploads\/2023\/10\/plumbing.webp\" class=\"attachment-large size-large wp-image-312\" alt=\"plumbing parsplumbing\" \/>\t\t\t\t\t\t\t\t<\/a>\n\t\t\t\t\t\t\t\t\t\t\t\t\t\t\t<\/div>\n\t\t\t\t<\/div>\n\t\t\t\t\t<\/div>\n\t\t<\/div>\n\t\t\t\t<div class=\"elementor-column elementor-col-33 elementor-top-column elementor-element elementor-element-5559ac3\" data-id=\"5559ac3\" data-element_type=\"column\" data-e-type=\"column\">\n\t\t\t<div class=\"elementor-widget-wrap elementor-element-populated\">\n\t\t\t\t\t\t<div class=\"elementor-element elementor-element-7b69ebe elementor-widget elementor-widget-image\" data-id=\"7b69ebe\" data-element_type=\"widget\" data-e-type=\"widget\" data-widget_type=\"image.default\">\n\t\t\t\t<div class=\"elementor-widget-container\">\n\t\t\t\t\t\t\t\t\t\t\t\t\t\t\t\t<a href=\"https:\/\/parsplumbing.ca\/fr\/gaz\/\">\n\t\t\t\t\t\t\t<img loading=\"lazy\" decoding=\"async\" width=\"256\" height=\"261\" src=\"https:\/\/parsplumbing.ca\/wp-content\/uploads\/2023\/10\/natural-gas.webp\" class=\"attachment-large size-large wp-image-314\" alt=\"natural gas parsplumbing\" \/>\t\t\t\t\t\t\t\t<\/a>\n\t\t\t\t\t\t\t\t\t\t\t\t\t\t\t<\/div>\n\t\t\t\t<\/div>\n\t\t\t\t\t<\/div>\n\t\t<\/div>\n\t\t\t\t\t<\/div>\n\t\t<\/section>\n\t\t\t\t<section class=\"elementor-section elementor-top-section elementor-element elementor-element-14b74fe elementor-section-boxed elementor-section-height-default elementor-section-height-default\" data-id=\"14b74fe\" data-element_type=\"section\" data-e-type=\"section\">\n\t\t\t\t\t\t<div class=\"elementor-container elementor-column-gap-default\">\n\t\t\t\t\t<div class=\"elementor-column elementor-col-33 elementor-top-column elementor-element elementor-element-4f0e246\" data-id=\"4f0e246\" data-element_type=\"column\" data-e-type=\"column\">\n\t\t\t<div class=\"elementor-widget-wrap elementor-element-populated\">\n\t\t\t\t\t\t<div class=\"elementor-element elementor-element-695b087 elementor-widget elementor-widget-text-editor\" data-id=\"695b087\" data-element_type=\"widget\" data-e-type=\"widget\" data-widget_type=\"text-editor.default\">\n\t\t\t\t<div class=\"elementor-widget-container\">\n\t\t\t\t\t\t\t\t\t<p>S&#8217;embarquant dans un parcours d&rsquo;excellence depuis sa cr\u00e9ation en 2007, Pars Plumbing a toujours fourni des services in\u00e9gal\u00e9s et diversifi\u00e9s \u00e0 ses pr\u00e9cieux clients. Notre \u00e9quipe de professionnels chevronn\u00e9s poss\u00e8de l&rsquo;accr\u00e9ditation et l&rsquo;autorisation d&rsquo;exceller dans un large \u00e9ventail de segments de services, garantissant les plus hauts standards d&rsquo;expertise et de fiabilit\u00e9.<\/p>\n\t\t\t\t\t\t\t\t<\/div>\n\t\t\t\t<\/div>\n\t\t\t\t\t<\/div>\n\t\t<\/div>\n\t\t\t\t<div class=\"elementor-column elementor-col-33 elementor-top-column elementor-element elementor-element-46fc9f8\" data-id=\"46fc9f8\" data-element_type=\"column\" data-e-type=\"column\">\n\t\t\t<div class=\"elementor-widget-wrap\">\n\t\t\t\t\t\t\t<\/div>\n\t\t<\/div>\n\t\t\t\t<div class=\"elementor-column elementor-col-33 elementor-top-column elementor-element elementor-element-1de4a1c\" data-id=\"1de4a1c\" data-element_type=\"column\" data-e-type=\"column\">\n\t\t\t<div class=\"elementor-widget-wrap elementor-element-populated\">\n\t\t\t\t\t\t<div class=\"elementor-element elementor-element-8f94a75 elementor-widget elementor-widget-image\" data-id=\"8f94a75\" data-element_type=\"widget\" data-e-type=\"widget\" data-widget_type=\"image.default\">\n\t\t\t\t<div class=\"elementor-widget-container\">\n\t\t\t\t\t\t\t\t\t\t\t\t\t\t\t<img loading=\"lazy\" decoding=\"async\" width=\"750\" height=\"500\" src=\"https:\/\/parsplumbing.ca\/wp-content\/uploads\/2024\/03\/proccess-of-demolition-of-school-gymnasium-1.jpg\" class=\"attachment-large size-large wp-image-3271\" alt=\"demolition process\" srcset=\"https:\/\/parsplumbing.ca\/wp-content\/uploads\/2024\/03\/proccess-of-demolition-of-school-gymnasium-1.jpg 750w, https:\/\/parsplumbing.ca\/wp-content\/uploads\/2024\/03\/proccess-of-demolition-of-school-gymnasium-1-300x200.jpg 300w\" sizes=\"(max-width: 750px) 100vw, 750px\" \/>\t\t\t\t\t\t\t\t\t\t\t\t\t\t\t<\/div>\n\t\t\t\t<\/div>\n\t\t\t\t\t<\/div>\n\t\t<\/div>\n\t\t\t\t\t<\/div>\n\t\t<\/section>\n\t\t\t\t<section class=\"elementor-section elementor-top-section elementor-element elementor-element-ee2f993 elementor-section-boxed elementor-section-height-default elementor-section-height-default\" data-id=\"ee2f993\" data-element_type=\"section\" data-e-type=\"section\">\n\t\t\t\t\t\t<div class=\"elementor-container elementor-column-gap-default\">\n\t\t\t\t\t<div class=\"elementor-column elementor-col-33 elementor-top-column elementor-element elementor-element-929abf7\" data-id=\"929abf7\" data-element_type=\"column\" data-e-type=\"column\">\n\t\t\t<div class=\"elementor-widget-wrap elementor-element-populated\">\n\t\t\t\t\t\t<div class=\"elementor-element elementor-element-cca0505 elementor-widget elementor-widget-text-editor\" data-id=\"cca0505\" data-element_type=\"widget\" data-e-type=\"widget\" data-widget_type=\"text-editor.default\">\n\t\t\t\t<div class=\"elementor-widget-container\">\n\t\t\t\t\t\t\t\t\t<p>1. Services de gaz naturel\u00a0: nos experts se sp\u00e9cialisent dans une gamme compl\u00e8te de services de gaz naturel, de l&rsquo;installation aux r\u00e9parations et \u00e0 l&rsquo;entretien, garantissant le fonctionnement efficace et s\u00fbr des syst\u00e8mes de gaz naturel.<\/p>\n<p>2. Excellence en plomberie : Pars Plumbing est fi\u00e8re de ses services de plomberie, offrant des solutions de premier ordre pour les besoins de plomberie r\u00e9sidentielle, commerciale et industrielle. Qu&rsquo;il s&rsquo;agisse d&rsquo;un entretien de routine, d&rsquo;installations complexes ou de r\u00e9parations d&rsquo;urgence, nos professionnels sont \u00e9quip\u00e9s pour tout g\u00e9rer.<\/p>\n\t\t\t\t\t\t\t\t<\/div>\n\t\t\t\t<\/div>\n\t\t\t\t\t<\/div>\n\t\t<\/div>\n\t\t\t\t<div class=\"elementor-column elementor-col-33 elementor-top-column elementor-element elementor-element-f1b4bb3\" data-id=\"f1b4bb3\" data-element_type=\"column\" data-e-type=\"column\">\n\t\t\t<div class=\"elementor-widget-wrap\">\n\t\t\t\t\t\t\t<\/div>\n\t\t<\/div>\n\t\t\t\t<div class=\"elementor-column elementor-col-33 elementor-top-column elementor-element elementor-element-ddb7da9\" data-id=\"ddb7da9\" data-element_type=\"column\" data-e-type=\"column\">\n\t\t\t<div class=\"elementor-widget-wrap elementor-element-populated\">\n\t\t\t\t\t\t<div class=\"elementor-element elementor-element-0cd50a1 elementor-widget elementor-widget-image\" data-id=\"0cd50a1\" data-element_type=\"widget\" data-e-type=\"widget\" data-widget_type=\"image.default\">\n\t\t\t\t<div class=\"elementor-widget-container\">\n\t\t\t\t\t\t\t\t\t\t\t\t\t\t\t<img loading=\"lazy\" decoding=\"async\" width=\"750\" height=\"500\" src=\"https:\/\/parsplumbing.ca\/wp-content\/uploads\/2024\/03\/girls-water-fountain-2.jpg\" class=\"attachment-large size-large wp-image-3267\" alt=\"water fountain for girls\" srcset=\"https:\/\/parsplumbing.ca\/wp-content\/uploads\/2024\/03\/girls-water-fountain-2.jpg 750w, https:\/\/parsplumbing.ca\/wp-content\/uploads\/2024\/03\/girls-water-fountain-2-300x200.jpg 300w\" sizes=\"(max-width: 750px) 100vw, 750px\" \/>\t\t\t\t\t\t\t\t\t\t\t\t\t\t\t<\/div>\n\t\t\t\t<\/div>\n\t\t\t\t\t<\/div>\n\t\t<\/div>\n\t\t\t\t\t<\/div>\n\t\t<\/section>\n\t\t\t\t<section class=\"elementor-section elementor-top-section elementor-element elementor-element-0eb1e1e elementor-section-boxed elementor-section-height-default elementor-section-height-default\" data-id=\"0eb1e1e\" data-element_type=\"section\" data-e-type=\"section\">\n\t\t\t\t\t\t<div class=\"elementor-container elementor-column-gap-default\">\n\t\t\t\t\t<div class=\"elementor-column elementor-col-33 elementor-top-column elementor-element elementor-element-f6660fb\" data-id=\"f6660fb\" data-element_type=\"column\" data-e-type=\"column\">\n\t\t\t<div class=\"elementor-widget-wrap elementor-element-populated\">\n\t\t\t\t\t\t<div class=\"elementor-element elementor-element-d58e352 elementor-widget elementor-widget-text-editor\" data-id=\"d58e352\" data-element_type=\"widget\" data-e-type=\"widget\" data-widget_type=\"text-editor.default\">\n\t\t\t\t<div class=\"elementor-widget-container\">\n\t\t\t\t\t\t\t\t\t<div>3.Services d&rsquo;urgence\u00a0: Sachant que des urgences en mati\u00e8re de plomberie et de gaz peuvent survenir \u00e0 tout moment, nos services d&rsquo;urgence d\u00e9di\u00e9s garantissent des r\u00e9ponses rapides et efficaces, vous offrant ainsi une tranquillit\u00e9 d&rsquo;esprit dans les situations critiques.<br \/>\n4. Installation de dispositifs anti-refoulement\u00a0: La protection des syst\u00e8mes d\u2019approvisionnement en eau est primordiale, et nos experts se sp\u00e9cialisent dans l\u2019installation critique de dispositifs anti-refoulement. Cela garantit l\u2019int\u00e9grit\u00e9 des sources d\u2019eau et le respect des normes r\u00e9glementaires.<\/div>\n<div><\/div>\n\t\t\t\t\t\t\t\t<\/div>\n\t\t\t\t<\/div>\n\t\t\t\t\t<\/div>\n\t\t<\/div>\n\t\t\t\t<div class=\"elementor-column elementor-col-33 elementor-top-column elementor-element elementor-element-3b8bb5f\" data-id=\"3b8bb5f\" data-element_type=\"column\" data-e-type=\"column\">\n\t\t\t<div class=\"elementor-widget-wrap\">\n\t\t\t\t\t\t\t<\/div>\n\t\t<\/div>\n\t\t\t\t<div class=\"elementor-column elementor-col-33 elementor-top-column elementor-element elementor-element-cee1068\" data-id=\"cee1068\" data-element_type=\"column\" data-e-type=\"column\">\n\t\t\t<div class=\"elementor-widget-wrap elementor-element-populated\">\n\t\t\t\t\t\t<div class=\"elementor-element elementor-element-9a09c61 elementor-widget elementor-widget-image\" data-id=\"9a09c61\" data-element_type=\"widget\" data-e-type=\"widget\" data-widget_type=\"image.default\">\n\t\t\t\t<div class=\"elementor-widget-container\">\n\t\t\t\t\t\t\t\t\t\t\t\t\t\t\t<img loading=\"lazy\" decoding=\"async\" width=\"750\" height=\"500\" src=\"https:\/\/parsplumbing.ca\/wp-content\/uploads\/2024\/03\/installation-of-a-balcony-and-a-deck-3.jpg\" class=\"attachment-large size-large wp-image-3269\" alt=\"installation of a balcony and terrace\" srcset=\"https:\/\/parsplumbing.ca\/wp-content\/uploads\/2024\/03\/installation-of-a-balcony-and-a-deck-3.jpg 750w, https:\/\/parsplumbing.ca\/wp-content\/uploads\/2024\/03\/installation-of-a-balcony-and-a-deck-3-300x200.jpg 300w\" sizes=\"(max-width: 750px) 100vw, 750px\" \/>\t\t\t\t\t\t\t\t\t\t\t\t\t\t\t<\/div>\n\t\t\t\t<\/div>\n\t\t\t\t\t<\/div>\n\t\t<\/div>\n\t\t\t\t\t<\/div>\n\t\t<\/section>\n\t\t\t\t<section class=\"elementor-section elementor-top-section elementor-element elementor-element-7baafef elementor-section-boxed elementor-section-height-default elementor-section-height-default\" data-id=\"7baafef\" data-element_type=\"section\" data-e-type=\"section\">\n\t\t\t\t\t\t<div class=\"elementor-container elementor-column-gap-default\">\n\t\t\t\t\t<div class=\"elementor-column elementor-col-100 elementor-top-column elementor-element elementor-element-0e9b473\" data-id=\"0e9b473\" data-element_type=\"column\" data-e-type=\"column\">\n\t\t\t<div class=\"elementor-widget-wrap elementor-element-populated\">\n\t\t\t\t\t\t<div class=\"elementor-element elementor-element-f04aef5 elementor-widget elementor-widget-text-editor\" data-id=\"f04aef5\" data-element_type=\"widget\" data-e-type=\"widget\" data-widget_type=\"text-editor.default\">\n\t\t\t\t<div class=\"elementor-widget-container\">\n\t\t\t\t\t\t\t\t\t<p>5.Installation de compteurs d&rsquo;eau : Pars Plumbing \u00e9tend son expertise \u00e0 la gestion efficace de l&rsquo;eau avec des installations pr\u00e9cises de compteurs d&rsquo;eau. Nos professionnels connectent les compteurs au r\u00e9seau principal d\u2019alimentation en eau, favorisant ainsi une mesure pr\u00e9cise et une consommation responsable.<\/p>\n<p>6.Syst\u00e8mes de chauffage et amp; R\u00e9servoirs d&rsquo;eau chaude : R\u00e9pondant aux besoins r\u00e9sidentiels et commerciaux, nos services de chauffage couvrent un large spectre. Des installations et r\u00e9parations \u00e0 l\u2019entretien courant, nous garantissons une performance et une long\u00e9vit\u00e9 optimales pour vos syst\u00e8mes de chauffage et r\u00e9servoirs d\u2019eau chaude.<\/p>\n<p>En choisissant Pars Plumbing, vous confiez vos divers besoins \u00e0 une \u00e9quipe engag\u00e9e envers l\u2019excellence, la s\u00e9curit\u00e9 et la satisfaction du client. Notre voyage se poursuit, anim\u00e9 par une passion pour un service de qualit\u00e9 et un engagement \u00e0 rester \u00e0 l&rsquo;avant-garde de l&rsquo;industrie.<\/p>\n<p>Depuis 2007, Pars Plumbing offre un service diversifi\u00e9 et excellent \u00e0 sa client\u00e8le. Nos professionnels sont accr\u00e9dit\u00e9s et autoris\u00e9s \u00e0 effectuer des services dans les segments suivants :<\/p>\n\t\t\t\t\t\t\t\t<\/div>\n\t\t\t\t<\/div>\n\t\t\t\t\t<\/div>\n\t\t<\/div>\n\t\t\t\t\t<\/div>\n\t\t<\/section>\n\t\t\t\t<\/div>\n\t\t","protected":false},"excerpt":{"rendered":"<p>S&#8217;embarquant dans un parcours d&rsquo;excellence depuis sa cr\u00e9ation en 2007, Pars Plumbing a toujours fourni des services in\u00e9gal\u00e9s et diversifi\u00e9s \u00e0 ses pr\u00e9cieux clients. Notre \u00e9quipe de professionnels chevronn\u00e9s poss\u00e8de l&rsquo;accr\u00e9ditation et l&rsquo;autorisation d&rsquo;exceller dans un large \u00e9ventail de segments de services, garantissant les plus hauts standards d&rsquo;expertise et de fiabilit\u00e9. 1. Services de gaz [&hellip;]<\/p>\n","protected":false},"author":2,"featured_media":0,"parent":0,"menu_order":0,"comment_status":"open","ping_status":"closed","template":"","meta":{"footnotes":""},"class_list":["post-802","page","type-page","status-publish","hentry"],"_links":{"self":[{"href":"https:\/\/parsplumbing.ca\/fr\/wp-json\/wp\/v2\/pages\/802","targetHints":{"allow":["GET"]}}],"collection":[{"href":"https:\/\/parsplumbing.ca\/fr\/wp-json\/wp\/v2\/pages"}],"about":[{"href":"https:\/\/parsplumbing.ca\/fr\/wp-json\/wp\/v2\/types\/page"}],"author":[{"embeddable":true,"href":"https:\/\/parsplumbing.ca\/fr\/wp-json\/wp\/v2\/users\/2"}],"replies":[{"embeddable":true,"href":"https:\/\/parsplumbing.ca\/fr\/wp-json\/wp\/v2\/comments?post=802"}],"version-history":[{"count":32,"href":"https:\/\/parsplumbing.ca\/fr\/wp-json\/wp\/v2\/pages\/802\/revisions"}],"predecessor-version":[{"id":4955,"href":"https:\/\/parsplumbing.ca\/fr\/wp-json\/wp\/v2\/pages\/802\/revisions\/4955"}],"wp:attachment":[{"href":"https:\/\/parsplumbing.ca\/fr\/wp-json\/wp\/v2\/media?parent=802"}],"curies":[{"name":"wp","href":"https:\/\/api.w.org\/{rel}","templated":true}]}}