{"id":791,"date":"2023-11-02T22:20:44","date_gmt":"2023-11-03T02:20:44","guid":{"rendered":"https:\/\/avaltoshop.com\/services-de-plomberie\/"},"modified":"2025-04-10T09:33:43","modified_gmt":"2025-04-10T09:33:43","slug":"services-de-plomberie","status":"publish","type":"page","link":"https:\/\/parsplumbing.ca\/fr\/services-2\/services-de-plomberie\/","title":{"rendered":"Plomberie"},"content":{"rendered":"\t\t<div data-elementor-type=\"wp-page\" data-elementor-id=\"791\" class=\"elementor elementor-791\" data-elementor-post-type=\"page\">\n\t\t\t\t\t\t<section class=\"elementor-section elementor-top-section elementor-element elementor-element-028193a elementor-section-boxed elementor-section-height-default elementor-section-height-default\" data-id=\"028193a\" data-element_type=\"section\" data-e-type=\"section\">\n\t\t\t\t\t\t<div class=\"elementor-container elementor-column-gap-default\">\n\t\t\t\t\t<div class=\"elementor-column elementor-col-100 elementor-top-column elementor-element elementor-element-3fcda32\" data-id=\"3fcda32\" data-element_type=\"column\" data-e-type=\"column\">\n\t\t\t<div class=\"elementor-widget-wrap elementor-element-populated\">\n\t\t\t\t\t\t<div class=\"elementor-element elementor-element-0f609f9 elementor-widget elementor-widget-image\" data-id=\"0f609f9\" data-element_type=\"widget\" data-e-type=\"widget\" data-widget_type=\"image.default\">\n\t\t\t\t<div class=\"elementor-widget-container\">\n\t\t\t\t\t\t\t\t\t\t\t\t\t\t\t\t<a href=\"https:\/\/parsplumbing.ca\/fr\/services-2\/chauffage\/reparations-et-remplacement-de-la-chaudiere\/\">\n\t\t\t\t\t\t\t<img fetchpriority=\"high\" decoding=\"async\" width=\"1024\" height=\"291\" src=\"https:\/\/parsplumbing.ca\/wp-content\/uploads\/2024\/09\/OFF-Boiler-FR-FINAL-1.jpg\" class=\"attachment-full size-full wp-image-4915\" alt=\"10% OFF sur tous les bouilloire au gaz\" srcset=\"https:\/\/parsplumbing.ca\/wp-content\/uploads\/2024\/09\/OFF-Boiler-FR-FINAL-1.jpg 1024w, https:\/\/parsplumbing.ca\/wp-content\/uploads\/2024\/09\/OFF-Boiler-FR-FINAL-1-300x85.jpg 300w, https:\/\/parsplumbing.ca\/wp-content\/uploads\/2024\/09\/OFF-Boiler-FR-FINAL-1-768x218.jpg 768w\" sizes=\"(max-width: 1024px) 100vw, 1024px\" \/>\t\t\t\t\t\t\t\t<\/a>\n\t\t\t\t\t\t\t\t\t\t\t\t\t\t\t<\/div>\n\t\t\t\t<\/div>\n\t\t\t\t\t<\/div>\n\t\t<\/div>\n\t\t\t\t\t<\/div>\n\t\t<\/section>\n\t\t\t\t<section class=\"elementor-section elementor-top-section elementor-element elementor-element-0312ea1 elementor-section-boxed elementor-section-height-default elementor-section-height-default\" data-id=\"0312ea1\" data-element_type=\"section\" data-e-type=\"section\">\n\t\t\t\t\t\t<div class=\"elementor-container elementor-column-gap-default\">\n\t\t\t\t\t<div class=\"elementor-column elementor-col-33 elementor-top-column elementor-element elementor-element-47fd6a4\" data-id=\"47fd6a4\" data-element_type=\"column\" data-e-type=\"column\">\n\t\t\t<div class=\"elementor-widget-wrap elementor-element-populated\">\n\t\t\t\t\t\t<div class=\"elementor-element elementor-element-962ed7a elementor-widget elementor-widget-text-editor\" data-id=\"962ed7a\" data-element_type=\"widget\" data-e-type=\"widget\" data-widget_type=\"text-editor.default\">\n\t\t\t\t<div class=\"elementor-widget-container\">\n\t\t\t\t\t\t\t\t\t<p>La plomberie constitue un pilier essentiel de l&rsquo;infrastructure de tout b\u00e2timent, impliquant un r\u00e9seau complet de canalisations, d&rsquo;accessoires et de syst\u00e8mes m\u00e9ticuleusement con\u00e7us pour l&rsquo;approvisionnement en eau, le drainage et la gestion des eaux us\u00e9es. Des r\u00e9sidences aux espaces commerciaux, la plomberie joue un r\u00f4le fondamental pour garantir l\u2019acc\u00e8s \u00e0 l\u2019eau potable et l\u2019\u00e9limination efficace des d\u00e9chets. Les plombiers experts sont responsables de l\u2019installation, de l\u2019entretien et de la r\u00e9paration des syst\u00e8mes de plomberie,<\/p>\n\t\t\t\t\t\t\t\t<\/div>\n\t\t\t\t<\/div>\n\t\t\t\t\t<\/div>\n\t\t<\/div>\n\t\t\t\t<div class=\"elementor-column elementor-col-33 elementor-top-column elementor-element elementor-element-bb5c08d\" data-id=\"bb5c08d\" data-element_type=\"column\" data-e-type=\"column\">\n\t\t\t<div class=\"elementor-widget-wrap\">\n\t\t\t\t\t\t\t<\/div>\n\t\t<\/div>\n\t\t\t\t<div class=\"elementor-column elementor-col-33 elementor-top-column elementor-element elementor-element-86bfd95\" data-id=\"86bfd95\" data-element_type=\"column\" data-e-type=\"column\">\n\t\t\t<div class=\"elementor-widget-wrap elementor-element-populated\">\n\t\t\t\t\t\t<div class=\"elementor-element elementor-element-725794c elementor-position-top elementor-widget elementor-widget-image-box\" data-id=\"725794c\" data-element_type=\"widget\" data-e-type=\"widget\" data-widget_type=\"image-box.default\">\n\t\t\t\t<div class=\"elementor-widget-container\">\n\t\t\t\t\t<div class=\"elementor-image-box-wrapper\"><figure class=\"elementor-image-box-img\"><img decoding=\"async\" width=\"750\" height=\"500\" src=\"https:\/\/parsplumbing.ca\/wp-content\/uploads\/2024\/03\/Underground-piping-toilet-1.jpg\" class=\"attachment-full size-full wp-image-3283\" alt=\"Underground toilets\" srcset=\"https:\/\/parsplumbing.ca\/wp-content\/uploads\/2024\/03\/Underground-piping-toilet-1.jpg 750w, https:\/\/parsplumbing.ca\/wp-content\/uploads\/2024\/03\/Underground-piping-toilet-1-300x200.jpg 300w\" sizes=\"(max-width: 750px) 100vw, 750px\" \/><\/figure><\/div>\t\t\t\t<\/div>\n\t\t\t\t<\/div>\n\t\t\t\t\t<\/div>\n\t\t<\/div>\n\t\t\t\t\t<\/div>\n\t\t<\/section>\n\t\t\t\t<section class=\"elementor-section elementor-top-section elementor-element elementor-element-a8f22e0 elementor-section-boxed elementor-section-height-default elementor-section-height-default\" data-id=\"a8f22e0\" data-element_type=\"section\" data-e-type=\"section\">\n\t\t\t\t\t\t<div class=\"elementor-container elementor-column-gap-default\">\n\t\t\t\t\t<div class=\"elementor-column elementor-col-33 elementor-top-column elementor-element elementor-element-3a9d5d3\" data-id=\"3a9d5d3\" data-element_type=\"column\" data-e-type=\"column\">\n\t\t\t<div class=\"elementor-widget-wrap elementor-element-populated\">\n\t\t\t\t\t\t<div class=\"elementor-element elementor-element-3b9f98d elementor-widget elementor-widget-text-editor\" data-id=\"3b9f98d\" data-element_type=\"widget\" data-e-type=\"widget\" data-widget_type=\"text-editor.default\">\n\t\t\t\t<div class=\"elementor-widget-container\">\n\t\t\t\t\t\t\t\t\t<p>r\u00e9soudre des probl\u00e8mes allant des fuites mineures de robinets aux installations de canalisations complexes. L&rsquo;\u00e9volution de la plomberie s&rsquo;appuie sur des technologies de pointe, notamment des appareils \u00e9conomes en eau et des syst\u00e8mes intelligents, contribuant non seulement \u00e0 la durabilit\u00e9, mais \u00e9galement \u00e0 une plus grande commodit\u00e9. Au-del\u00e0 des \u00e9quipements visibles, l&rsquo;importance de la plomberie s&rsquo;\u00e9tend \u00e0 la sauvegarde de la sant\u00e9 publique, \u00e0 la pr\u00e9servation de l&rsquo;environnement et \u00e0 la promotion de la fonctionnalit\u00e9 et du confort de nos espaces de vie et de travail.<\/p>\n\t\t\t\t\t\t\t\t<\/div>\n\t\t\t\t<\/div>\n\t\t\t\t\t<\/div>\n\t\t<\/div>\n\t\t\t\t<div class=\"elementor-column elementor-col-33 elementor-top-column elementor-element elementor-element-7a2898c\" data-id=\"7a2898c\" data-element_type=\"column\" data-e-type=\"column\">\n\t\t\t<div class=\"elementor-widget-wrap\">\n\t\t\t\t\t\t\t<\/div>\n\t\t<\/div>\n\t\t\t\t<div class=\"elementor-column elementor-col-33 elementor-top-column elementor-element elementor-element-aab48fd\" data-id=\"aab48fd\" data-element_type=\"column\" data-e-type=\"column\">\n\t\t\t<div class=\"elementor-widget-wrap elementor-element-populated\">\n\t\t\t\t\t\t<div class=\"elementor-element elementor-element-ba4a567 elementor-position-top elementor-widget elementor-widget-image-box\" data-id=\"ba4a567\" data-element_type=\"widget\" data-e-type=\"widget\" data-widget_type=\"image-box.default\">\n\t\t\t\t<div class=\"elementor-widget-container\">\n\t\t\t\t\t<div class=\"elementor-image-box-wrapper\"><figure class=\"elementor-image-box-img\"><img decoding=\"async\" width=\"750\" height=\"500\" src=\"https:\/\/parsplumbing.ca\/wp-content\/uploads\/2024\/03\/Before-installation-frenchdrain-2.jpg\" class=\"attachment-full size-full wp-image-3277\" alt=\"Avant l&#039;installation du drain fran\u00e7ais\" srcset=\"https:\/\/parsplumbing.ca\/wp-content\/uploads\/2024\/03\/Before-installation-frenchdrain-2.jpg 750w, https:\/\/parsplumbing.ca\/wp-content\/uploads\/2024\/03\/Before-installation-frenchdrain-2-300x200.jpg 300w\" sizes=\"(max-width: 750px) 100vw, 750px\" \/><\/figure><\/div>\t\t\t\t<\/div>\n\t\t\t\t<\/div>\n\t\t\t\t\t<\/div>\n\t\t<\/div>\n\t\t\t\t\t<\/div>\n\t\t<\/section>\n\t\t\t\t<section class=\"elementor-section elementor-top-section elementor-element elementor-element-60c63bf elementor-section-boxed elementor-section-height-default elementor-section-height-default\" data-id=\"60c63bf\" data-element_type=\"section\" data-e-type=\"section\">\n\t\t\t\t\t\t<div class=\"elementor-container elementor-column-gap-default\">\n\t\t\t\t\t<div class=\"elementor-column elementor-col-33 elementor-top-column elementor-element elementor-element-b7d895b\" data-id=\"b7d895b\" data-element_type=\"column\" data-e-type=\"column\">\n\t\t\t<div class=\"elementor-widget-wrap elementor-element-populated\">\n\t\t\t\t\t\t<div class=\"elementor-element elementor-element-03b7cda elementor-widget elementor-widget-text-editor\" data-id=\"03b7cda\" data-element_type=\"widget\" data-e-type=\"widget\" data-widget_type=\"text-editor.default\">\n\t\t\t\t<div class=\"elementor-widget-container\">\n\t\t\t\t\t\t\t\t\t<p>Dans le domaine des services de plomberie, Pars Plumbing Inc. se d\u00e9marque comme une entreprise fiable, offrant des solutions de r\u00e9paration, de remplacement, d&rsquo;installation et d&rsquo;entretien pour les propri\u00e9t\u00e9s commerciales et r\u00e9sidentielles. Notre \u00e9quipe qualifi\u00e9e, \u00e9quip\u00e9e pour g\u00e9rer un \u00e9ventail de probl\u00e8mes de plomberie, garantit la fonctionnalit\u00e9 et l\u2019efficacit\u00e9 continues des syst\u00e8mes de plomberie.<\/p>\n\t\t\t\t\t\t\t\t<\/div>\n\t\t\t\t<\/div>\n\t\t\t\t\t<\/div>\n\t\t<\/div>\n\t\t\t\t<div class=\"elementor-column elementor-col-33 elementor-top-column elementor-element elementor-element-8a26187\" data-id=\"8a26187\" data-element_type=\"column\" data-e-type=\"column\">\n\t\t\t<div class=\"elementor-widget-wrap\">\n\t\t\t\t\t\t\t<\/div>\n\t\t<\/div>\n\t\t\t\t<div class=\"elementor-column elementor-col-33 elementor-top-column elementor-element elementor-element-6c644fc\" data-id=\"6c644fc\" data-element_type=\"column\" data-e-type=\"column\">\n\t\t\t<div class=\"elementor-widget-wrap elementor-element-populated\">\n\t\t\t\t\t\t<div class=\"elementor-element elementor-element-42a9b9a elementor-position-top elementor-widget elementor-widget-image-box\" data-id=\"42a9b9a\" data-element_type=\"widget\" data-e-type=\"widget\" data-widget_type=\"image-box.default\">\n\t\t\t\t<div class=\"elementor-widget-container\">\n\t\t\t\t\t<div class=\"elementor-image-box-wrapper\"><figure class=\"elementor-image-box-img\"><img loading=\"lazy\" decoding=\"async\" width=\"750\" height=\"500\" src=\"https:\/\/parsplumbing.ca\/wp-content\/uploads\/2024\/03\/Removal-urinals-school-3.jpg\" class=\"attachment-full size-full wp-image-3281\" alt=\"Removal urinals school\" srcset=\"https:\/\/parsplumbing.ca\/wp-content\/uploads\/2024\/03\/Removal-urinals-school-3.jpg 750w, https:\/\/parsplumbing.ca\/wp-content\/uploads\/2024\/03\/Removal-urinals-school-3-300x200.jpg 300w\" sizes=\"(max-width: 750px) 100vw, 750px\" \/><\/figure><\/div>\t\t\t\t<\/div>\n\t\t\t\t<\/div>\n\t\t\t\t\t<\/div>\n\t\t<\/div>\n\t\t\t\t\t<\/div>\n\t\t<\/section>\n\t\t\t\t<section class=\"elementor-section elementor-top-section elementor-element elementor-element-d61c0ea elementor-section-boxed elementor-section-height-default elementor-section-height-default\" data-id=\"d61c0ea\" data-element_type=\"section\" data-e-type=\"section\">\n\t\t\t\t\t\t<div class=\"elementor-container elementor-column-gap-default\">\n\t\t\t\t\t<div class=\"elementor-column elementor-col-33 elementor-top-column elementor-element elementor-element-a7cb65e\" data-id=\"a7cb65e\" data-element_type=\"column\" data-e-type=\"column\">\n\t\t\t<div class=\"elementor-widget-wrap elementor-element-populated\">\n\t\t\t\t\t\t<div class=\"elementor-element elementor-element-c075056 elementor-widget elementor-widget-text-editor\" data-id=\"c075056\" data-element_type=\"widget\" data-e-type=\"widget\" data-widget_type=\"text-editor.default\">\n\t\t\t\t<div class=\"elementor-widget-container\">\n\t\t\t\t\t\t\t\t\t<p>Qu\u2019il s\u2019agisse d\u2019entretien de routine ou d\u2019urgences urgentes, notre engagement r\u00e9side dans le maintien de l\u2019int\u00e9grit\u00e9 des syst\u00e8mes d\u2019eau et d\u2019assainissement. Contactez-nous pour b\u00e9n\u00e9ficier de services de plomberie professionnels adapt\u00e9s \u00e0 vos besoins, contribuant au bien-\u00eatre et \u00e0 la fonctionnalit\u00e9 durables de votre propri\u00e9t\u00e9.<\/p>\n\t\t\t\t\t\t\t\t<\/div>\n\t\t\t\t<\/div>\n\t\t\t\t\t<\/div>\n\t\t<\/div>\n\t\t\t\t<div class=\"elementor-column elementor-col-33 elementor-top-column elementor-element elementor-element-edd06f1\" data-id=\"edd06f1\" data-element_type=\"column\" data-e-type=\"column\">\n\t\t\t<div class=\"elementor-widget-wrap\">\n\t\t\t\t\t\t\t<\/div>\n\t\t<\/div>\n\t\t\t\t<div class=\"elementor-column elementor-col-33 elementor-top-column elementor-element elementor-element-108a7c7\" data-id=\"108a7c7\" data-element_type=\"column\" data-e-type=\"column\">\n\t\t\t<div class=\"elementor-widget-wrap elementor-element-populated\">\n\t\t\t\t\t\t<div class=\"elementor-element elementor-element-79e821b elementor-position-top elementor-widget elementor-widget-image-box\" data-id=\"79e821b\" data-element_type=\"widget\" data-e-type=\"widget\" data-widget_type=\"image-box.default\">\n\t\t\t\t<div class=\"elementor-widget-container\">\n\t\t\t\t\t<div class=\"elementor-image-box-wrapper\"><figure class=\"elementor-image-box-img\"><img loading=\"lazy\" decoding=\"async\" width=\"750\" height=\"500\" src=\"https:\/\/parsplumbing.ca\/wp-content\/uploads\/2024\/03\/Old-galvanized-pipe-4.jpg\" class=\"attachment-full size-full wp-image-3279\" alt=\"Old galvanized pip\" srcset=\"https:\/\/parsplumbing.ca\/wp-content\/uploads\/2024\/03\/Old-galvanized-pipe-4.jpg 750w, https:\/\/parsplumbing.ca\/wp-content\/uploads\/2024\/03\/Old-galvanized-pipe-4-300x200.jpg 300w\" sizes=\"(max-width: 750px) 100vw, 750px\" \/><\/figure><\/div>\t\t\t\t<\/div>\n\t\t\t\t<\/div>\n\t\t\t\t\t<\/div>\n\t\t<\/div>\n\t\t\t\t\t<\/div>\n\t\t<\/section>\n\t\t\t\t<section class=\"elementor-section elementor-top-section elementor-element elementor-element-4010107 elementor-section-boxed elementor-section-height-default elementor-section-height-default\" data-id=\"4010107\" data-element_type=\"section\" data-e-type=\"section\">\n\t\t\t\t\t\t<div class=\"elementor-container elementor-column-gap-default\">\n\t\t\t\t\t<div class=\"elementor-column elementor-col-50 elementor-top-column elementor-element elementor-element-5cf6ed3\" data-id=\"5cf6ed3\" data-element_type=\"column\" data-e-type=\"column\">\n\t\t\t<div class=\"elementor-widget-wrap elementor-element-populated\">\n\t\t\t\t\t\t<div class=\"elementor-element elementor-element-92d9ff8 elementor-widget elementor-widget-text-editor\" data-id=\"92d9ff8\" data-element_type=\"widget\" data-e-type=\"widget\" data-widget_type=\"text-editor.default\">\n\t\t\t\t<div class=\"elementor-widget-container\">\n\t\t\t\t\t\t\t\t\t<div id=\"pgc-47-1-0\" class=\"panel-grid-cell\">\n<div id=\"panel-47-1-0-0\" class=\"so-panel widget widget_sow-editor panel-first-child panel-last-child\" data-index=\"1\">\n<div class=\"panel-widget-style panel-widget-style-for-47-1-0-0\">\n<div class=\"so-widget-sow-editor so-widget-sow-editor-base\">\n<div class=\"siteorigin-widget-tinymce textwidget\">\n<ul>\n<li title=\"\" data-original-title=\"\">Tuyauterie d&rsquo;alimentation<\/li>\n<li title=\"\" data-original-title=\"\">Drainages<\/li>\n<li title=\"\" data-original-title=\"\">Alimentation du drain principal<\/li>\n<li title=\"\" data-original-title=\"\">Installation principale d&rsquo;eau<\/li>\n<li title=\"\" data-original-title=\"\">Installation d&rsquo;appareils et de luminaires<\/li>\n<li title=\"\" data-original-title=\"\">Robinets, toilettes et \u00e9viers qui fuient<\/li>\n<li title=\"\" data-original-title=\"\">Douches et baignoires<\/li>\n<li title=\"\" data-original-title=\"\">Nouvelle installation de plomberie<\/li>\n<li title=\"\" data-original-title=\"\">Refonte compl\u00e8te de la maison\/entreprise<\/li>\n<li title=\"\" data-original-title=\"\">Pi\u00e8ge \u00e0 graisse<\/li>\n<li title=\"\" data-original-title=\"\">Drains bloqu\u00e9s<\/li>\n<li title=\"\" data-original-title=\"\">D\u00e9congeler les tuyaux gel\u00e9s<\/li>\n<li title=\"\" data-original-title=\"\">Remplacement des tuyaux cass\u00e9s<\/li>\n<li title=\"\" data-original-title=\"\">Cam\u00e9ra de vidange\/inspection vid\u00e9o<\/li>\n<li title=\"\" data-original-title=\"\">Remplacement et r\u00e9paration de conduites d&rsquo;\u00e9gout<\/li>\n<li title=\"\" data-original-title=\"\">R\u00e9paration, remplacement, installation de fosse septique<\/li>\n<li title=\"\" data-original-title=\"\">R\u00e9paration, remplacement, installation de pompe d&rsquo;\u00e9gout<\/li>\n<li title=\"\" data-original-title=\"\">Conduites de vidange de lave-vaisselle, tuyauterie, r\u00e9paration<\/li>\n<\/ul>\n<\/div>\n<\/div>\n<\/div>\n<\/div>\n<\/div>\n\t\t\t\t\t\t\t\t<\/div>\n\t\t\t\t<\/div>\n\t\t\t\t\t<\/div>\n\t\t<\/div>\n\t\t\t\t<div class=\"elementor-column elementor-col-50 elementor-top-column elementor-element elementor-element-967d888\" data-id=\"967d888\" data-element_type=\"column\" data-e-type=\"column\">\n\t\t\t<div class=\"elementor-widget-wrap elementor-element-populated\">\n\t\t\t\t\t\t<div class=\"elementor-element elementor-element-7ec75ba elementor-widget elementor-widget-text-editor\" data-id=\"7ec75ba\" data-element_type=\"widget\" data-e-type=\"widget\" data-widget_type=\"text-editor.default\">\n\t\t\t\t<div class=\"elementor-widget-container\">\n\t\t\t\t\t\t\t\t\t<div id=\"pgc-47-1-1\" class=\"panel-grid-cell\">\n<div id=\"panel-47-1-1-0\" class=\"so-panel widget widget_sow-editor panel-first-child panel-last-child\" data-index=\"2\">\n<div class=\"panel-widget-style panel-widget-style-for-47-1-1-0\">\n<div class=\"so-widget-sow-editor so-widget-sow-editor-base\">\n<div class=\"siteorigin-widget-tinymce textwidget\">\n<ul>\n<li title=\"\" data-original-title=\"\">Conduites de vidange de machine \u00e0 laver, tuyauterie, r\u00e9paration<\/li>\n<li title=\"\" data-original-title=\"\">Tuyauterie de buanderie, conduites d&rsquo;\u00e9vacuation, r\u00e9paration, d\u00e9m\u00e9nagement<\/li>\n<li title=\"\" data-original-title=\"\">D\u00e9boucher les toilettes bouch\u00e9es<\/li>\n<li title=\"\" data-original-title=\"\">D\u00e9boucher les \u00e9viers bouch\u00e9s<\/li>\n<li title=\"\" data-original-title=\"\">D\u00e9boucher les douches et les baignoires bouch\u00e9es<\/li>\n<li title=\"\" data-original-title=\"\">Installation et r\u00e9paration de reflux<\/li>\n<li title=\"\" data-original-title=\"\">R\u00e9paration de drain de grenier<\/li>\n<li title=\"\" data-original-title=\"\">Entretien du chauffe-eau<\/li>\n<li title=\"\" data-original-title=\"\">Drain de toit<\/li>\n<li title=\"\" data-original-title=\"\">Odeur de vidange<\/li>\n<li title=\"\" data-original-title=\"\">Drain fran\u00e7ais<\/li>\n<li title=\"\" data-original-title=\"\">Temp\u00eate Drainage<\/li>\n<li title=\"\" data-original-title=\"\">Drain de sous-sol<\/li>\n<li title=\"\" data-original-title=\"\">Siphon de sol<\/li>\n<li title=\"\" data-original-title=\"\">Drain de stationnement<\/li>\n<li title=\"\" data-original-title=\"\">Installation, remplacement, r\u00e9paration d&rsquo;un broyeur \u00e0 d\u00e9chets<\/li>\n<li title=\"\" data-original-title=\"\">Installation, remplacement, r\u00e9paration de pompe de puisard<\/li>\n<li title=\"\" data-original-title=\"\"><strong><a href=\"https:\/\/parsplumbing.ca\/fr\/services-2\/services-durgence\/\" target=\"_blank\" rel=\"noopener\">Services de plomberie d\u2019urgence 24 heures sur 24<\/a><\/strong><\/li>\n<\/ul>\n<\/div>\n<\/div>\n<\/div>\n<\/div>\n<\/div>\n\t\t\t\t\t\t\t\t<\/div>\n\t\t\t\t<\/div>\n\t\t\t\t\t<\/div>\n\t\t<\/div>\n\t\t\t\t\t<\/div>\n\t\t<\/section>\n\t\t\t\t<\/div>\n\t\t","protected":false},"excerpt":{"rendered":"<p>La plomberie constitue un pilier essentiel de l&rsquo;infrastructure de tout b\u00e2timent, impliquant un r\u00e9seau complet de canalisations, d&rsquo;accessoires et de syst\u00e8mes m\u00e9ticuleusement con\u00e7us pour l&rsquo;approvisionnement en eau, le drainage et la gestion des eaux us\u00e9es. Des r\u00e9sidences aux espaces commerciaux, la plomberie joue un r\u00f4le fondamental pour garantir l\u2019acc\u00e8s \u00e0 l\u2019eau potable et l\u2019\u00e9limination efficace [&hellip;]<\/p>\n","protected":false},"author":2,"featured_media":0,"parent":802,"menu_order":0,"comment_status":"open","ping_status":"closed","template":"","meta":{"footnotes":""},"class_list":["post-791","page","type-page","status-publish","hentry"],"_links":{"self":[{"href":"https:\/\/parsplumbing.ca\/fr\/wp-json\/wp\/v2\/pages\/791","targetHints":{"allow":["GET"]}}],"collection":[{"href":"https:\/\/parsplumbing.ca\/fr\/wp-json\/wp\/v2\/pages"}],"about":[{"href":"https:\/\/parsplumbing.ca\/fr\/wp-json\/wp\/v2\/types\/page"}],"author":[{"embeddable":true,"href":"https:\/\/parsplumbing.ca\/fr\/wp-json\/wp\/v2\/users\/2"}],"replies":[{"embeddable":true,"href":"https:\/\/parsplumbing.ca\/fr\/wp-json\/wp\/v2\/comments?post=791"}],"version-history":[{"count":25,"href":"https:\/\/parsplumbing.ca\/fr\/wp-json\/wp\/v2\/pages\/791\/revisions"}],"predecessor-version":[{"id":5367,"href":"https:\/\/parsplumbing.ca\/fr\/wp-json\/wp\/v2\/pages\/791\/revisions\/5367"}],"up":[{"embeddable":true,"href":"https:\/\/parsplumbing.ca\/fr\/wp-json\/wp\/v2\/pages\/802"}],"wp:attachment":[{"href":"https:\/\/parsplumbing.ca\/fr\/wp-json\/wp\/v2\/media?parent=791"}],"curies":[{"name":"wp","href":"https:\/\/api.w.org\/{rel}","templated":true}]}}