{"id":762,"date":"2023-11-02T22:31:11","date_gmt":"2023-11-02T22:31:11","guid":{"rendered":"https:\/\/avaltoshop.com\/services-durgence\/"},"modified":"2024-03-16T12:57:49","modified_gmt":"2024-03-16T12:57:49","slug":"services-durgence","status":"publish","type":"page","link":"https:\/\/parsplumbing.ca\/fr\/services-2\/services-durgence\/","title":{"rendered":"SERVICES D&rsquo;URGENCE"},"content":{"rendered":"\t\t<div data-elementor-type=\"wp-page\" data-elementor-id=\"762\" class=\"elementor elementor-762\" data-elementor-post-type=\"page\">\n\t\t\t\t\t\t<section class=\"elementor-section elementor-top-section elementor-element elementor-element-7724f2c elementor-section-boxed elementor-section-height-default elementor-section-height-default\" data-id=\"7724f2c\" data-element_type=\"section\" data-e-type=\"section\">\n\t\t\t\t\t\t<div class=\"elementor-container elementor-column-gap-default\">\n\t\t\t\t\t<div class=\"elementor-column elementor-col-50 elementor-top-column elementor-element elementor-element-3c89e59\" data-id=\"3c89e59\" data-element_type=\"column\" data-e-type=\"column\">\n\t\t\t<div class=\"elementor-widget-wrap elementor-element-populated\">\n\t\t\t\t\t\t<div class=\"elementor-element elementor-element-ed67f25 elementor-widget elementor-widget-text-editor\" data-id=\"ed67f25\" data-element_type=\"widget\" data-e-type=\"widget\" data-widget_type=\"text-editor.default\">\n\t\t\t\t<div class=\"elementor-widget-container\">\n\t\t\t\t\t\t\t\t\t<div id=\"panel-616-0-0-0\" class=\"so-panel widget widget_sow-editor panel-first-child\" data-index=\"0\">\n<div class=\"so-widget-sow-editor so-widget-sow-editor-base\">\n<div class=\"siteorigin-widget-tinymce textwidget\">\n<p align=\"justify\">Chez Plomberie Pars, nous comprenons que des \u00e9v\u00e9nements impr\u00e9vus se produisent et qu&rsquo;il n&rsquo;est pas toujours possible de surveiller en permanence le syst\u00e8me de chauffage, de plomberie et de gaz. Donc, nous sommes toujours \u00e0 la disposition de nos clients 24 heures, 7 jours par semaine. Peu importe l&rsquo;heure, le lieu ou le type de probl\u00e8me que vous rencontrez avec votre plomberie, chauffage ou syst\u00e8me de gaz!<\/p>\n<p align=\"justify\"><strong>Contactez-nous: <a href=\"https:\/\/parsplumbing.ca\/contactez-nous\/\" target=\"_blank\" rel=\"noopener noreferrer\">(514) 290-2959.<\/a><\/strong><\/p>\n<h3><strong>Exemple d&rsquo;urgence qui peut \u00eatre r\u00e9solu pour nous:<\/strong><\/h3>\n<ul>\n<li title=\"\" data-original-title=\"\"><strong>Fuites de gaz<\/strong><\/li>\n<\/ul>\n<p>Attention: Si vous d\u00e9couvrez une fuite, \u00e9vacuez les lieux et contactez le 911 dans les plus brefs d\u00e9lais. <strong><a href=\"https:\/\/www.gazmetro.com\/en\/residential\/customer-centre\/contact-us\/emergency\/\" target=\"_blank\" rel=\"noopener noreferrer nofollow\">Cliquez ici pour voir les mesures de s\u00e9curit\u00e9s propos\u00e9es par Gaz Metro.<\/a> <\/strong>Une fois la menace imm\u00e9diate a \u00e9t\u00e9 trait\u00e9e, appelez-nous pour un service rapide, fiable et une un prix juste.<\/p>\n<\/div>\n<\/div>\n<\/div>\n<div id=\"panel-616-0-0-1\" class=\"so-panel widget widget_sow-editor panel-last-child\" data-index=\"1\">\n<div class=\"panel-widget-style panel-widget-style-for-616-0-0-1\">\n<div class=\"so-widget-sow-editor so-widget-sow-editor-base\">\n<div class=\"siteorigin-widget-tinymce textwidget\">\n<ul>\n<li title=\"\" data-original-title=\"\">Toilettes bloqu\u00e9es<\/li>\n<li title=\"\" data-original-title=\"\">Drains bloqu\u00e9s<\/li>\n<li title=\"\" data-original-title=\"\">Inondation<\/li>\n<li title=\"\" data-original-title=\"\">Toilette d\u00e9bordement<\/li>\n<li title=\"\" data-original-title=\"\">Tuyau rafale<\/li>\n<\/ul>\n<\/div>\n<\/div>\n<\/div>\n<\/div>\n\t\t\t\t\t\t\t\t<\/div>\n\t\t\t\t<\/div>\n\t\t\t\t\t<\/div>\n\t\t<\/div>\n\t\t\t\t<div class=\"elementor-column elementor-col-50 elementor-top-column elementor-element elementor-element-d2d24f9\" data-id=\"d2d24f9\" data-element_type=\"column\" data-e-type=\"column\">\n\t\t\t<div class=\"elementor-widget-wrap elementor-element-populated\">\n\t\t\t\t\t\t<div class=\"elementor-element elementor-element-6b03f16 elementor-widget elementor-widget-image\" data-id=\"6b03f16\" data-element_type=\"widget\" data-e-type=\"widget\" data-widget_type=\"image.default\">\n\t\t\t\t<div class=\"elementor-widget-container\">\n\t\t\t\t\t\t\t\t\t\t\t\t\t\t\t<img fetchpriority=\"high\" decoding=\"async\" width=\"256\" height=\"261\" src=\"https:\/\/parsplumbing.ca\/wp-content\/uploads\/2023\/10\/emergencies.webp\" class=\"attachment-large size-large wp-image-313\" alt=\"emergency parsplumbing\" \/>\t\t\t\t\t\t\t\t\t\t\t\t\t\t\t<\/div>\n\t\t\t\t<\/div>\n\t\t\t\t\t<\/div>\n\t\t<\/div>\n\t\t\t\t\t<\/div>\n\t\t<\/section>\n\t\t\t\t<section class=\"elementor-section elementor-top-section elementor-element elementor-element-43f1a82 elementor-section-full_width elementor-section-height-default elementor-section-height-default\" data-id=\"43f1a82\" data-element_type=\"section\" data-e-type=\"section\">\n\t\t\t\t\t\t<div class=\"elementor-container elementor-column-gap-default\">\n\t\t\t\t\t<div class=\"elementor-column elementor-col-100 elementor-top-column elementor-element elementor-element-720c83a\" data-id=\"720c83a\" data-element_type=\"column\" data-e-type=\"column\">\n\t\t\t<div class=\"elementor-widget-wrap elementor-element-populated\">\n\t\t\t\t\t\t<div class=\"elementor-element elementor-element-1e5831b elementor-position-top elementor-widget elementor-widget-image-box\" data-id=\"1e5831b\" data-element_type=\"widget\" data-e-type=\"widget\" data-widget_type=\"image-box.default\">\n\t\t\t\t<div class=\"elementor-widget-container\">\n\t\t\t\t\t<div class=\"elementor-image-box-wrapper\"><figure class=\"elementor-image-box-img\"><img decoding=\"async\" width=\"2560\" height=\"1244\" src=\"https:\/\/parsplumbing.ca\/wp-content\/uploads\/2023\/12\/Burst-pipe-frozen-garagedoor-scaled.webp\" class=\"attachment-full size-full wp-image-1571\" alt=\"Burst pipe frozen garagedoor\" srcset=\"https:\/\/parsplumbing.ca\/wp-content\/uploads\/2023\/12\/Burst-pipe-frozen-garagedoor-scaled.webp 2560w, https:\/\/parsplumbing.ca\/wp-content\/uploads\/2023\/12\/Burst-pipe-frozen-garagedoor-300x146.webp 300w, https:\/\/parsplumbing.ca\/wp-content\/uploads\/2023\/12\/Burst-pipe-frozen-garagedoor-1024x498.webp 1024w, https:\/\/parsplumbing.ca\/wp-content\/uploads\/2023\/12\/Burst-pipe-frozen-garagedoor-768x373.webp 768w, https:\/\/parsplumbing.ca\/wp-content\/uploads\/2023\/12\/Burst-pipe-frozen-garagedoor-1536x747.webp 1536w, https:\/\/parsplumbing.ca\/wp-content\/uploads\/2023\/12\/Burst-pipe-frozen-garagedoor-2048x996.webp 2048w\" sizes=\"(max-width: 2560px) 100vw, 2560px\" \/><\/figure><div class=\"elementor-image-box-content\"><h3 class=\"elementor-image-box-title\">Porte de garage gel\u00e9e avec tuyau \u00e9clat\u00e9<\/h3><\/div><\/div>\t\t\t\t<\/div>\n\t\t\t\t<\/div>\n\t\t\t\t\t<\/div>\n\t\t<\/div>\n\t\t\t\t\t<\/div>\n\t\t<\/section>\n\t\t\t\t<section class=\"elementor-section elementor-top-section elementor-element elementor-element-d90a6d9 elementor-section-full_width elementor-section-height-default elementor-section-height-default\" data-id=\"d90a6d9\" data-element_type=\"section\" data-e-type=\"section\">\n\t\t\t\t\t\t<div class=\"elementor-container elementor-column-gap-default\">\n\t\t\t\t\t<div class=\"elementor-column elementor-col-100 elementor-top-column elementor-element elementor-element-18a6afa\" data-id=\"18a6afa\" data-element_type=\"column\" data-e-type=\"column\">\n\t\t\t<div class=\"elementor-widget-wrap elementor-element-populated\">\n\t\t\t\t\t\t<div class=\"elementor-element elementor-element-ae26e32 elementor-position-top elementor-widget elementor-widget-image-box\" data-id=\"ae26e32\" data-element_type=\"widget\" data-e-type=\"widget\" data-widget_type=\"image-box.default\">\n\t\t\t\t<div class=\"elementor-widget-container\">\n\t\t\t\t\t<div class=\"elementor-image-box-wrapper\"><figure class=\"elementor-image-box-img\"><img decoding=\"async\" width=\"1440\" height=\"937\" src=\"https:\/\/parsplumbing.ca\/wp-content\/uploads\/2023\/12\/Frozon-toilet.webp\" class=\"attachment-full size-full wp-image-1573\" alt=\"Frozen toilet\" srcset=\"https:\/\/parsplumbing.ca\/wp-content\/uploads\/2023\/12\/Frozon-toilet.webp 1440w, https:\/\/parsplumbing.ca\/wp-content\/uploads\/2023\/12\/Frozon-toilet-300x195.webp 300w, https:\/\/parsplumbing.ca\/wp-content\/uploads\/2023\/12\/Frozon-toilet-1024x666.webp 1024w, https:\/\/parsplumbing.ca\/wp-content\/uploads\/2023\/12\/Frozon-toilet-768x500.webp 768w\" sizes=\"(max-width: 1440px) 100vw, 1440px\" \/><\/figure><div class=\"elementor-image-box-content\"><h3 class=\"elementor-image-box-title\">Toilettes gel\u00e9es<\/h3><\/div><\/div>\t\t\t\t<\/div>\n\t\t\t\t<\/div>\n\t\t\t\t\t<\/div>\n\t\t<\/div>\n\t\t\t\t\t<\/div>\n\t\t<\/section>\n\t\t\t\t<section class=\"elementor-section elementor-top-section elementor-element elementor-element-ef7f8f6 elementor-section-boxed elementor-section-height-default elementor-section-height-default\" data-id=\"ef7f8f6\" data-element_type=\"section\" data-e-type=\"section\">\n\t\t\t\t\t\t<div class=\"elementor-container elementor-column-gap-default\">\n\t\t\t\t\t<div class=\"elementor-column elementor-col-50 elementor-top-column elementor-element elementor-element-ced23d0\" data-id=\"ced23d0\" data-element_type=\"column\" data-e-type=\"column\">\n\t\t\t<div class=\"elementor-widget-wrap elementor-element-populated\">\n\t\t\t\t\t\t<div class=\"elementor-element elementor-element-141f642 elementor-position-top elementor-widget elementor-widget-image-box\" data-id=\"141f642\" data-element_type=\"widget\" data-e-type=\"widget\" data-widget_type=\"image-box.default\">\n\t\t\t\t<div class=\"elementor-widget-container\">\n\t\t\t\t\t<div class=\"elementor-image-box-wrapper\"><figure class=\"elementor-image-box-img\"><img loading=\"lazy\" decoding=\"async\" width=\"1244\" height=\"2560\" src=\"https:\/\/parsplumbing.ca\/wp-content\/uploads\/2023\/12\/Accumulation-oil-sumppump-pit-scaled.webp\" class=\"attachment-full size-full wp-image-1569\" alt=\"Accumulation oil sumppump pit\" srcset=\"https:\/\/parsplumbing.ca\/wp-content\/uploads\/2023\/12\/Accumulation-oil-sumppump-pit-scaled.webp 1244w, https:\/\/parsplumbing.ca\/wp-content\/uploads\/2023\/12\/Accumulation-oil-sumppump-pit-146x300.webp 146w, https:\/\/parsplumbing.ca\/wp-content\/uploads\/2023\/12\/Accumulation-oil-sumppump-pit-498x1024.webp 498w, https:\/\/parsplumbing.ca\/wp-content\/uploads\/2023\/12\/Accumulation-oil-sumppump-pit-768x1580.webp 768w, https:\/\/parsplumbing.ca\/wp-content\/uploads\/2023\/12\/Accumulation-oil-sumppump-pit-747x1536.webp 747w\" sizes=\"(max-width: 1244px) 100vw, 1244px\" \/><\/figure><div class=\"elementor-image-box-content\"><h3 class=\"elementor-image-box-title\">Fosse de puisard d'accumulation d'huile<\/h3><\/div><\/div>\t\t\t\t<\/div>\n\t\t\t\t<\/div>\n\t\t\t\t\t<\/div>\n\t\t<\/div>\n\t\t\t\t<div class=\"elementor-column elementor-col-50 elementor-top-column elementor-element elementor-element-feee395\" data-id=\"feee395\" data-element_type=\"column\" data-e-type=\"column\">\n\t\t\t<div class=\"elementor-widget-wrap elementor-element-populated\">\n\t\t\t\t\t\t<div class=\"elementor-element elementor-element-c5a1168 elementor-position-top elementor-widget elementor-widget-image-box\" data-id=\"c5a1168\" data-element_type=\"widget\" data-e-type=\"widget\" data-widget_type=\"image-box.default\">\n\t\t\t\t<div class=\"elementor-widget-container\">\n\t\t\t\t\t<div class=\"elementor-image-box-wrapper\"><figure class=\"elementor-image-box-img\"><img loading=\"lazy\" decoding=\"async\" width=\"1244\" height=\"2560\" src=\"https:\/\/parsplumbing.ca\/wp-content\/uploads\/2023\/12\/Openiinng-door-cement-fundation-lachine-scaled.webp\" class=\"attachment-full size-full wp-image-1575\" alt=\"Openiinng door cement fundation lachine\" srcset=\"https:\/\/parsplumbing.ca\/wp-content\/uploads\/2023\/12\/Openiinng-door-cement-fundation-lachine-scaled.webp 1244w, https:\/\/parsplumbing.ca\/wp-content\/uploads\/2023\/12\/Openiinng-door-cement-fundation-lachine-146x300.webp 146w, https:\/\/parsplumbing.ca\/wp-content\/uploads\/2023\/12\/Openiinng-door-cement-fundation-lachine-498x1024.webp 498w, https:\/\/parsplumbing.ca\/wp-content\/uploads\/2023\/12\/Openiinng-door-cement-fundation-lachine-768x1580.webp 768w, https:\/\/parsplumbing.ca\/wp-content\/uploads\/2023\/12\/Openiinng-door-cement-fundation-lachine-747x1536.webp 747w\" sizes=\"(max-width: 1244px) 100vw, 1244px\" \/><\/figure><div class=\"elementor-image-box-content\"><h3 class=\"elementor-image-box-title\">Porte d'ouverture fondation de ciment lachine<\/h3><\/div><\/div>\t\t\t\t<\/div>\n\t\t\t\t<\/div>\n\t\t\t\t\t<\/div>\n\t\t<\/div>\n\t\t\t\t\t<\/div>\n\t\t<\/section>\n\t\t\t\t<\/div>\n\t\t","protected":false},"excerpt":{"rendered":"<p>Chez Plomberie Pars, nous comprenons que des \u00e9v\u00e9nements impr\u00e9vus se produisent et qu&rsquo;il n&rsquo;est pas toujours possible de surveiller en permanence le syst\u00e8me de chauffage, de plomberie et de gaz. Donc, nous sommes toujours \u00e0 la disposition de nos clients 24 heures, 7 jours par semaine. Peu importe l&rsquo;heure, le lieu ou le type de [&hellip;]<\/p>\n","protected":false},"author":2,"featured_media":0,"parent":802,"menu_order":0,"comment_status":"closed","ping_status":"closed","template":"","meta":{"footnotes":""},"class_list":["post-762","page","type-page","status-publish","hentry"],"_links":{"self":[{"href":"https:\/\/parsplumbing.ca\/fr\/wp-json\/wp\/v2\/pages\/762","targetHints":{"allow":["GET"]}}],"collection":[{"href":"https:\/\/parsplumbing.ca\/fr\/wp-json\/wp\/v2\/pages"}],"about":[{"href":"https:\/\/parsplumbing.ca\/fr\/wp-json\/wp\/v2\/types\/page"}],"author":[{"embeddable":true,"href":"https:\/\/parsplumbing.ca\/fr\/wp-json\/wp\/v2\/users\/2"}],"replies":[{"embeddable":true,"href":"https:\/\/parsplumbing.ca\/fr\/wp-json\/wp\/v2\/comments?post=762"}],"version-history":[{"count":5,"href":"https:\/\/parsplumbing.ca\/fr\/wp-json\/wp\/v2\/pages\/762\/revisions"}],"predecessor-version":[{"id":3751,"href":"https:\/\/parsplumbing.ca\/fr\/wp-json\/wp\/v2\/pages\/762\/revisions\/3751"}],"up":[{"embeddable":true,"href":"https:\/\/parsplumbing.ca\/fr\/wp-json\/wp\/v2\/pages\/802"}],"wp:attachment":[{"href":"https:\/\/parsplumbing.ca\/fr\/wp-json\/wp\/v2\/media?parent=762"}],"curies":[{"name":"wp","href":"https:\/\/api.w.org\/{rel}","templated":true}]}}