{"id":594,"date":"2023-10-31T11:27:29","date_gmt":"2023-10-31T15:27:29","guid":{"rendered":"https:\/\/avaltoshop.com\/about-us\/"},"modified":"2024-09-15T11:14:39","modified_gmt":"2024-09-15T11:14:39","slug":"a-propos-de-nous","status":"publish","type":"page","link":"https:\/\/parsplumbing.ca\/fr\/a-propos-de-nous\/","title":{"rendered":"\u00c0 Propos De Nous"},"content":{"rendered":"\t\t<div data-elementor-type=\"wp-page\" data-elementor-id=\"594\" class=\"elementor elementor-594\" data-elementor-post-type=\"page\">\n\t\t\t\t\t\t<section class=\"elementor-section elementor-top-section elementor-element elementor-element-2781d80 elementor-section-boxed elementor-section-height-default elementor-section-height-default\" data-id=\"2781d80\" data-element_type=\"section\" data-e-type=\"section\">\n\t\t\t\t\t\t<div class=\"elementor-container elementor-column-gap-default\">\n\t\t\t\t\t<div class=\"elementor-column elementor-col-100 elementor-top-column elementor-element elementor-element-a9d77f2\" data-id=\"a9d77f2\" data-element_type=\"column\" data-e-type=\"column\">\n\t\t\t<div class=\"elementor-widget-wrap elementor-element-populated\">\n\t\t\t\t\t\t<div class=\"elementor-element elementor-element-c021840 elementor-widget elementor-widget-image\" data-id=\"c021840\" data-element_type=\"widget\" data-e-type=\"widget\" data-widget_type=\"image.default\">\n\t\t\t\t<div class=\"elementor-widget-container\">\n\t\t\t\t\t\t\t\t\t\t\t\t\t\t\t\t<a href=\"https:\/\/parsplumbing.ca\/fr\/services-2\/chauffage\/reparations-et-remplacement-de-la-chaudiere\/\">\n\t\t\t\t\t\t\t<img fetchpriority=\"high\" decoding=\"async\" width=\"1024\" height=\"291\" src=\"https:\/\/parsplumbing.ca\/wp-content\/uploads\/2024\/09\/OFF-Boiler-FR-FINAL-1.jpg\" class=\"attachment-full size-full wp-image-4915\" alt=\"10% OFF sur tous les bouilloire au gaz\" srcset=\"https:\/\/parsplumbing.ca\/wp-content\/uploads\/2024\/09\/OFF-Boiler-FR-FINAL-1.jpg 1024w, https:\/\/parsplumbing.ca\/wp-content\/uploads\/2024\/09\/OFF-Boiler-FR-FINAL-1-300x85.jpg 300w, https:\/\/parsplumbing.ca\/wp-content\/uploads\/2024\/09\/OFF-Boiler-FR-FINAL-1-768x218.jpg 768w\" sizes=\"(max-width: 1024px) 100vw, 1024px\" \/>\t\t\t\t\t\t\t\t<\/a>\n\t\t\t\t\t\t\t\t\t\t\t\t\t\t\t<\/div>\n\t\t\t\t<\/div>\n\t\t\t\t\t<\/div>\n\t\t<\/div>\n\t\t\t\t\t<\/div>\n\t\t<\/section>\n\t\t\t\t<section class=\"elementor-section elementor-top-section elementor-element elementor-element-b02623c elementor-section-full_width elementor-section-height-default elementor-section-height-default\" data-id=\"b02623c\" data-element_type=\"section\" data-e-type=\"section\">\n\t\t\t\t\t\t<div class=\"elementor-container elementor-column-gap-default\">\n\t\t\t\t\t<div class=\"elementor-column elementor-col-100 elementor-top-column elementor-element elementor-element-e690f2a\" data-id=\"e690f2a\" data-element_type=\"column\" data-e-type=\"column\">\n\t\t\t<div class=\"elementor-widget-wrap elementor-element-populated\">\n\t\t\t\t\t\t<div class=\"elementor-element elementor-element-d8d4140 elementor-widget elementor-widget-text-editor\" data-id=\"d8d4140\" data-element_type=\"widget\" data-e-type=\"widget\" data-widget_type=\"text-editor.default\">\n\t\t\t\t<div class=\"elementor-widget-container\">\n\t\t\t\t\t\t\t\t\t<p>Vous recherchez un expert en gaz, chauffage ou plomberie sur lequel vous pouvez compter lorsque vous en avez besoin ? Que vous ayez besoin de faire quelque chose rapidement ou que vous ayez un projet en t\u00eate, vous pouvez faire confiance aux professionnels de Pars Plumbing pour faire le travail correctement et dans les d\u00e9lais.<\/p>\n<p>Depuis ses d\u00e9buts en 2007, Pars Plumbing s&rsquo;efforce de fournir \u00e0 ses clients un travail de qualit\u00e9 et des services professionnels, courtois et \u00e0 des prix \u00e9quitables. Nous sommes pass\u00e9s de la simple plomberie \u00e0 la possibilit\u00e9 d\u00e9sormais d&rsquo;installer des r\u00e9servoirs d&rsquo;eau chaude au gaz, des chaudi\u00e8res, des chemin\u00e9es, des barbecues, des appareils \u00e9lectrom\u00e9nagers et bien plus encore. Tout au long de notre projet, nous avons r\u00e9pondu aux besoins des entreprises et des propri\u00e9taires de maisons de la grande r\u00e9gion de Montr\u00e9al.<\/p>\n<p>Visitez notre propre salle d&rsquo;exposition dans le sud-ouest de Montr\u00e9al, pr\u00e8s d&rsquo;Angrignon, o\u00f9 nous exposons des foyers au gaz et des appareils <a href=\"https:\/\/www.napoleon.com\/fr\/ca\/foyers\">de plomberie Napol\u00e9on<\/a>. Nous sommes agr\u00e9\u00e9s, assur\u00e9s et heureux de vous aider avec tous vos besoins en gaz, chauffage et plomberie.<\/p>\n\t\t\t\t\t\t\t\t<\/div>\n\t\t\t\t<\/div>\n\t\t\t\t\t<\/div>\n\t\t<\/div>\n\t\t\t\t\t<\/div>\n\t\t<\/section>\n\t\t\t\t<\/div>\n\t\t","protected":false},"excerpt":{"rendered":"<p>Vous recherchez un expert en gaz, chauffage ou plomberie sur lequel vous pouvez compter lorsque vous en avez besoin ? Que vous ayez besoin de faire quelque chose rapidement ou que vous ayez un projet en t\u00eate, vous pouvez faire confiance aux professionnels de Pars Plumbing pour faire le travail correctement et dans les d\u00e9lais. [&hellip;]<\/p>\n","protected":false},"author":2,"featured_media":0,"parent":0,"menu_order":0,"comment_status":"closed","ping_status":"closed","template":"","meta":{"footnotes":""},"class_list":["post-594","page","type-page","status-publish","hentry"],"_links":{"self":[{"href":"https:\/\/parsplumbing.ca\/fr\/wp-json\/wp\/v2\/pages\/594","targetHints":{"allow":["GET"]}}],"collection":[{"href":"https:\/\/parsplumbing.ca\/fr\/wp-json\/wp\/v2\/pages"}],"about":[{"href":"https:\/\/parsplumbing.ca\/fr\/wp-json\/wp\/v2\/types\/page"}],"author":[{"embeddable":true,"href":"https:\/\/parsplumbing.ca\/fr\/wp-json\/wp\/v2\/users\/2"}],"replies":[{"embeddable":true,"href":"https:\/\/parsplumbing.ca\/fr\/wp-json\/wp\/v2\/comments?post=594"}],"version-history":[{"count":33,"href":"https:\/\/parsplumbing.ca\/fr\/wp-json\/wp\/v2\/pages\/594\/revisions"}],"predecessor-version":[{"id":4976,"href":"https:\/\/parsplumbing.ca\/fr\/wp-json\/wp\/v2\/pages\/594\/revisions\/4976"}],"wp:attachment":[{"href":"https:\/\/parsplumbing.ca\/fr\/wp-json\/wp\/v2\/media?parent=594"}],"curies":[{"name":"wp","href":"https:\/\/api.w.org\/{rel}","templated":true}]}}