{"id":1374,"date":"2023-12-16T09:06:48","date_gmt":"2023-12-16T13:06:48","guid":{"rendered":"https:\/\/parsplumbing.ca\/reparations-de-conduites-de-gaz\/"},"modified":"2025-02-05T12:20:59","modified_gmt":"2025-02-05T12:20:59","slug":"reparation-de-conduite-de-gaz-et-installations-2","status":"publish","type":"page","link":"https:\/\/parsplumbing.ca\/fr\/gaz\/reparation-de-conduite-de-gaz-et-installations-2\/","title":{"rendered":"R\u00e9parations de conduites de gaz"},"content":{"rendered":"\t\t<div data-elementor-type=\"wp-page\" data-elementor-id=\"1374\" class=\"elementor elementor-1374\" data-elementor-post-type=\"page\">\n\t\t\t\t\t\t<section class=\"elementor-section elementor-top-section elementor-element elementor-element-6a5fa26 elementor-section-boxed elementor-section-height-default elementor-section-height-default\" data-id=\"6a5fa26\" data-element_type=\"section\" data-e-type=\"section\">\n\t\t\t\t\t\t<div class=\"elementor-container elementor-column-gap-default\">\n\t\t\t\t\t<div class=\"elementor-column elementor-col-100 elementor-top-column elementor-element elementor-element-bf7919b\" data-id=\"bf7919b\" data-element_type=\"column\" data-e-type=\"column\">\n\t\t\t<div class=\"elementor-widget-wrap elementor-element-populated\">\n\t\t\t\t\t\t<div class=\"elementor-element elementor-element-10d5106 elementor-widget elementor-widget-image\" data-id=\"10d5106\" data-element_type=\"widget\" data-e-type=\"widget\" data-widget_type=\"image.default\">\n\t\t\t\t<div class=\"elementor-widget-container\">\n\t\t\t\t\t\t\t\t\t\t\t\t\t\t\t\t<a href=\"https:\/\/parsplumbing.ca\/fr\/services-2\/chauffage\/reparations-et-remplacement-de-la-chaudiere\/\">\n\t\t\t\t\t\t\t<img decoding=\"async\" src=\"https:\/\/parsplumbing.ca\/wp-content\/uploads\/2024\/09\/OFF-Boiler-En-FINAL-2.jpg\" title=\"\" alt=\"10% OFF on all gas boilers\" loading=\"lazy\" \/>\t\t\t\t\t\t\t\t<\/a>\n\t\t\t\t\t\t\t\t\t\t\t\t\t\t\t<\/div>\n\t\t\t\t<\/div>\n\t\t\t\t\t<\/div>\n\t\t<\/div>\n\t\t\t\t\t<\/div>\n\t\t<\/section>\n\t\t\t\t<section class=\"elementor-section elementor-top-section elementor-element elementor-element-6b313ed elementor-section-boxed elementor-section-height-default elementor-section-height-default\" data-id=\"6b313ed\" data-element_type=\"section\" data-e-type=\"section\">\n\t\t\t\t\t\t<div class=\"elementor-container elementor-column-gap-default\">\n\t\t\t\t\t<div class=\"elementor-column elementor-col-33 elementor-top-column elementor-element elementor-element-7b9aa93\" data-id=\"7b9aa93\" data-element_type=\"column\" data-e-type=\"column\">\n\t\t\t<div class=\"elementor-widget-wrap elementor-element-populated\">\n\t\t\t\t\t\t<div class=\"elementor-element elementor-element-ebc749f elementor-widget elementor-widget-text-editor\" data-id=\"ebc749f\" data-element_type=\"widget\" data-e-type=\"widget\" data-widget_type=\"text-editor.default\">\n\t\t\t\t<div class=\"elementor-widget-container\">\n\t\t\t\t\t\t\t\t\t<p>Am\u00e9liorez votre exp\u00e9rience gr\u00e2ce \u00e0 une expertise sup\u00e9rieure dans la r\u00e9paration de tuyau de gaz et l\u2019installation de tuyau de gaz pour des conduites commerciales et r\u00e9sidentielles. Contactez-nous d\u00e8s aujourd\u2019hui ! Notre \u00e9quipe hautement qualifi\u00e9e excelle dans la r\u00e9paration de tuyau de gaz et l\u2019installation m\u00e9ticuleuse de conduites de gaz int\u00e9rieures et ext\u00e9rieures, assurant le fonctionnement impeccable d\u2019une large gamme d\u2019appareils. De l\u2019installation et de la r\u00e9paration de tuyau de gaz pour barbecues, tant int\u00e9rieurs qu\u2019ext\u00e9rieurs, \u00e0 l\u2019am\u00e9lioration de la chaleur de votre espace avec des chemin\u00e9es, des foyers et des chauffages de terrasse, nous nous sp\u00e9cialisons dans diverses applications, incluant le Chauffage au gaz naturel Montr\u00e9al.<\/p>\n\t\t\t\t\t\t\t\t<\/div>\n\t\t\t\t<\/div>\n\t\t\t\t\t<\/div>\n\t\t<\/div>\n\t\t\t\t<div class=\"elementor-column elementor-col-33 elementor-top-column elementor-element elementor-element-98063a1\" data-id=\"98063a1\" data-element_type=\"column\" data-e-type=\"column\">\n\t\t\t<div class=\"elementor-widget-wrap\">\n\t\t\t\t\t\t\t<\/div>\n\t\t<\/div>\n\t\t\t\t<div class=\"elementor-column elementor-col-33 elementor-top-column elementor-element elementor-element-9494c1c\" data-id=\"9494c1c\" data-element_type=\"column\" data-e-type=\"column\">\n\t\t\t<div class=\"elementor-widget-wrap elementor-element-populated\">\n\t\t\t\t\t\t<div class=\"elementor-element elementor-element-1a68770 elementor-position-top elementor-widget elementor-widget-image-box\" data-id=\"1a68770\" data-element_type=\"widget\" data-e-type=\"widget\" data-widget_type=\"image-box.default\">\n\t\t\t\t<div class=\"elementor-widget-container\">\n\t\t\t\t\t<div class=\"elementor-image-box-wrapper\"><figure class=\"elementor-image-box-img\"><img fetchpriority=\"high\" decoding=\"async\" width=\"750\" height=\"500\" src=\"https:\/\/parsplumbing.ca\/wp-content\/uploads\/2024\/03\/Gas-Line-Repairs-1.jpg\" class=\"attachment-full size-full wp-image-3232\" alt=\"Gas line repairs\" srcset=\"https:\/\/parsplumbing.ca\/wp-content\/uploads\/2024\/03\/Gas-Line-Repairs-1.jpg 750w, https:\/\/parsplumbing.ca\/wp-content\/uploads\/2024\/03\/Gas-Line-Repairs-1-300x200.jpg 300w\" sizes=\"(max-width: 750px) 100vw, 750px\" \/><\/figure><\/div>\t\t\t\t<\/div>\n\t\t\t\t<\/div>\n\t\t\t\t\t<\/div>\n\t\t<\/div>\n\t\t\t\t\t<\/div>\n\t\t<\/section>\n\t\t\t\t<section class=\"elementor-section elementor-top-section elementor-element elementor-element-19c7fac elementor-section-boxed elementor-section-height-default elementor-section-height-default\" data-id=\"19c7fac\" data-element_type=\"section\" data-e-type=\"section\">\n\t\t\t\t\t\t<div class=\"elementor-container elementor-column-gap-default\">\n\t\t\t\t\t<div class=\"elementor-column elementor-col-33 elementor-top-column elementor-element elementor-element-53f27d0\" data-id=\"53f27d0\" data-element_type=\"column\" data-e-type=\"column\">\n\t\t\t<div class=\"elementor-widget-wrap elementor-element-populated\">\n\t\t\t\t\t\t<div class=\"elementor-element elementor-element-ffb2cb6 elementor-widget elementor-widget-text-editor\" data-id=\"ffb2cb6\" data-element_type=\"widget\" data-e-type=\"widget\" data-widget_type=\"text-editor.default\">\n\t\t\t\t<div class=\"elementor-widget-container\">\n\t\t\t\t\t\t\t\t\t<h2><strong>R\u00e9paration de Tuyau de gaz<\/strong><\/h2>\n<p>Nos services complets s\u2019\u00e9tendent aux appareils \u00e9lectrom\u00e9nagers essentiels tels que les fournaises, les chaudi\u00e8res, les radiateurs, les chauffe-eau, les cuisini\u00e8res, les fours et les s\u00e9cheuses. De plus, nous ma\u00eetrisons l\u2019installation et l\u2019entretien de conduites de gaz pour les \u00e9quipements de piscine ou de spa, vous offrant ainsi une solution unique pour tous vos besoins li\u00e9s au gaz, y compris le Chauffage au gaz naturel Montr\u00e9al.<\/p>\n\t\t\t\t\t\t\t\t<\/div>\n\t\t\t\t<\/div>\n\t\t\t\t\t<\/div>\n\t\t<\/div>\n\t\t\t\t<div class=\"elementor-column elementor-col-33 elementor-top-column elementor-element elementor-element-6ab0bb8\" data-id=\"6ab0bb8\" data-element_type=\"column\" data-e-type=\"column\">\n\t\t\t<div class=\"elementor-widget-wrap\">\n\t\t\t\t\t\t\t<\/div>\n\t\t<\/div>\n\t\t\t\t<div class=\"elementor-column elementor-col-33 elementor-top-column elementor-element elementor-element-934a000\" data-id=\"934a000\" data-element_type=\"column\" data-e-type=\"column\">\n\t\t\t<div class=\"elementor-widget-wrap elementor-element-populated\">\n\t\t\t\t\t\t<div class=\"elementor-element elementor-element-52e0d6a elementor-position-top elementor-widget elementor-widget-image-box\" data-id=\"52e0d6a\" data-element_type=\"widget\" data-e-type=\"widget\" data-widget_type=\"image-box.default\">\n\t\t\t\t<div class=\"elementor-widget-container\">\n\t\t\t\t\t<div class=\"elementor-image-box-wrapper\"><figure class=\"elementor-image-box-img\"><img decoding=\"async\" width=\"750\" height=\"500\" src=\"https:\/\/parsplumbing.ca\/wp-content\/uploads\/2024\/03\/Gas-Line-Repairs-3.jpg\" class=\"attachment-full size-full wp-image-3236\" alt=\"Gas line repairs\" srcset=\"https:\/\/parsplumbing.ca\/wp-content\/uploads\/2024\/03\/Gas-Line-Repairs-3.jpg 750w, https:\/\/parsplumbing.ca\/wp-content\/uploads\/2024\/03\/Gas-Line-Repairs-3-300x200.jpg 300w\" sizes=\"(max-width: 750px) 100vw, 750px\" \/><\/figure><\/div>\t\t\t\t<\/div>\n\t\t\t\t<\/div>\n\t\t\t\t\t<\/div>\n\t\t<\/div>\n\t\t\t\t\t<\/div>\n\t\t<\/section>\n\t\t\t\t<section class=\"elementor-section elementor-top-section elementor-element elementor-element-b17d42a elementor-section-boxed elementor-section-height-default elementor-section-height-default\" data-id=\"b17d42a\" data-element_type=\"section\" data-e-type=\"section\">\n\t\t\t\t\t\t<div class=\"elementor-container elementor-column-gap-default\">\n\t\t\t\t\t<div class=\"elementor-column elementor-col-33 elementor-top-column elementor-element elementor-element-99e4bd6\" data-id=\"99e4bd6\" data-element_type=\"column\" data-e-type=\"column\">\n\t\t\t<div class=\"elementor-widget-wrap elementor-element-populated\">\n\t\t\t\t\t\t<div class=\"elementor-element elementor-element-423dd4d elementor-widget elementor-widget-text-editor\" data-id=\"423dd4d\" data-element_type=\"widget\" data-e-type=\"widget\" data-widget_type=\"text-editor.default\">\n\t\t\t\t<div class=\"elementor-widget-container\">\n\t\t\t\t\t\t\t\t\t<h2><strong>R\u00e9paration de Tuyau de gaz en Urgence<\/strong><\/h2>\n<p>En cas d\u2019urgence, faites-nous confiance pour effectuer des r\u00e9parations de tuyaux de gaz d\u2019urgence rapides et efficaces, associ\u00e9es \u00e0 une d\u00e9tection pr\u00e9cise des fuites de gaz.<\/p>\n<h2><strong>Votre s\u00e9curit\u00e9 est notre priorit\u00e9 pour la R\u00e9paration de Tuyau de gaz<\/strong><\/h2>\n<p>Votre s\u00e9curit\u00e9 est primordiale et notre engagement \u00e0 fournir un service rapide, fiable et complet refl\u00e8te notre engagement \u00e0 votre satisfaction. Pour des solutions globales adapt\u00e9es \u00e0 vos besoins sp\u00e9cifiques, n\u2019h\u00e9sitez pas \u00e0 nous contacter pour toute r\u00e9paration de tuyau de gaz ou installation de tuyau de gaz. Faites l\u2019exp\u00e9rience de la tranquillit\u00e9 d\u2019esprit et de la commodit\u00e9 gr\u00e2ce \u00e0 nos services de conduites de gaz in\u00e9gal\u00e9s, incluant le Chauffage au gaz naturel Montr\u00e9al.<\/p>\n\t\t\t\t\t\t\t\t<\/div>\n\t\t\t\t<\/div>\n\t\t\t\t\t<\/div>\n\t\t<\/div>\n\t\t\t\t<div class=\"elementor-column elementor-col-33 elementor-top-column elementor-element elementor-element-0a8f07a\" data-id=\"0a8f07a\" data-element_type=\"column\" data-e-type=\"column\">\n\t\t\t<div class=\"elementor-widget-wrap\">\n\t\t\t\t\t\t\t<\/div>\n\t\t<\/div>\n\t\t\t\t<div class=\"elementor-column elementor-col-33 elementor-top-column elementor-element elementor-element-6f63e04\" data-id=\"6f63e04\" data-element_type=\"column\" data-e-type=\"column\">\n\t\t\t<div class=\"elementor-widget-wrap elementor-element-populated\">\n\t\t\t\t\t\t<div class=\"elementor-element elementor-element-ff7188b elementor-position-top elementor-widget elementor-widget-image-box\" data-id=\"ff7188b\" data-element_type=\"widget\" data-e-type=\"widget\" data-widget_type=\"image-box.default\">\n\t\t\t\t<div class=\"elementor-widget-container\">\n\t\t\t\t\t<div class=\"elementor-image-box-wrapper\"><figure class=\"elementor-image-box-img\"><img decoding=\"async\" width=\"750\" height=\"500\" src=\"https:\/\/parsplumbing.ca\/wp-content\/uploads\/2024\/03\/Gas-Line-Repairs-2.jpg\" class=\"attachment-full size-full wp-image-3234\" alt=\"Gas line repairs\" srcset=\"https:\/\/parsplumbing.ca\/wp-content\/uploads\/2024\/03\/Gas-Line-Repairs-2.jpg 750w, https:\/\/parsplumbing.ca\/wp-content\/uploads\/2024\/03\/Gas-Line-Repairs-2-300x200.jpg 300w\" sizes=\"(max-width: 750px) 100vw, 750px\" \/><\/figure><\/div>\t\t\t\t<\/div>\n\t\t\t\t<\/div>\n\t\t\t\t\t<\/div>\n\t\t<\/div>\n\t\t\t\t\t<\/div>\n\t\t<\/section>\n\t\t\t\t<section class=\"elementor-section elementor-top-section elementor-element elementor-element-7a0b874 elementor-section-boxed elementor-section-height-default elementor-section-height-default\" data-id=\"7a0b874\" data-element_type=\"section\" data-e-type=\"section\">\n\t\t\t\t\t\t<div class=\"elementor-container elementor-column-gap-default\">\n\t\t\t\t\t<div class=\"elementor-column elementor-col-100 elementor-top-column elementor-element elementor-element-b625aa5\" data-id=\"b625aa5\" data-element_type=\"column\" data-e-type=\"column\">\n\t\t\t<div class=\"elementor-widget-wrap elementor-element-populated\">\n\t\t\t\t\t\t<div class=\"elementor-element elementor-element-e1e243f elementor-widget elementor-widget-text-editor\" data-id=\"e1e243f\" data-element_type=\"widget\" data-e-type=\"widget\" data-widget_type=\"text-editor.default\">\n\t\t\t\t<div class=\"elementor-widget-container\">\n\t\t\t\t\t\t\t\t\t<h3>Nous installons et r\u00e9parons les conduites de gaz pour:<\/h3>\n<div id=\"panel-71-0-0-1\" class=\"so-panel widget widget_sow-editor panel-last-child\" data-index=\"1\">\n<div class=\"panel-widget-style panel-widget-style-for-71-0-0-1\">\n<div class=\"so-widget-sow-editor so-widget-sow-editor-base\">\n<div class=\"siteorigin-widget-tinymce textwidget\">\n<ul>\n<li title=\"\" data-original-title=\"\">Grills, Outdoor and Indoor<\/li>\n<li title=\"\" data-original-title=\"\">Fireplaces, Fire Pits, Patio Heaters<\/li>\n<li title=\"\" data-original-title=\"\">Furnaces, Boilers, Space Heaters<\/li>\n<li title=\"\" data-original-title=\"\">Water Heaters<\/li>\n<li title=\"\" data-original-title=\"\">Stoves, Ovens<\/li>\n<li title=\"\" data-original-title=\"\">Clothes Dryers<\/li>\n<li title=\"\" data-original-title=\"\">Pool or Spa Equipment<\/li>\n<li title=\"\" data-original-title=\"\">We provide emergency gas line repairs and gas leak detection.<\/li>\n<\/ul>\n<p><strong><a href=\"http:\/\/parsplumbing.ca\/contact-us\/\" target=\"_blank\" rel=\"noopener\">Contactez nous<\/a><\/strong> pour un service rapide et fiable.<br \/>\n<strong><a href=\"http:\/\/parsplumbing.ca\/contact-us\/\" target=\"_blank\" rel=\"noopener noreferrer\">Appelez nous <\/a><\/strong>pour les r\u00e9parations et les installations expertes de conduites de gaz commerciales et r\u00e9sidentielles. Nous r\u00e9parons toutes les conduites de gaz int\u00e9rieures et ext\u00e9rieures.<\/p>\n<\/div>\n<\/div>\n<\/div>\n<\/div>\n\t\t\t\t\t\t\t\t<\/div>\n\t\t\t\t<\/div>\n\t\t\t\t\t<\/div>\n\t\t<\/div>\n\t\t\t\t\t<\/div>\n\t\t<\/section>\n\t\t\t\t<\/div>\n\t\t","protected":false},"excerpt":{"rendered":"<p>Am\u00e9liorez votre exp\u00e9rience gr\u00e2ce \u00e0 une expertise sup\u00e9rieure dans la r\u00e9paration de tuyau de gaz et l\u2019installation de tuyau de gaz pour des conduites commerciales et r\u00e9sidentielles. Contactez-nous d\u00e8s aujourd\u2019hui ! Notre \u00e9quipe hautement qualifi\u00e9e excelle dans la r\u00e9paration de tuyau de gaz et l\u2019installation m\u00e9ticuleuse de conduites de gaz int\u00e9rieures et ext\u00e9rieures, assurant le [&hellip;]<\/p>\n","protected":false},"author":2,"featured_media":0,"parent":1292,"menu_order":0,"comment_status":"open","ping_status":"closed","template":"","meta":{"footnotes":""},"class_list":["post-1374","page","type-page","status-publish","hentry"],"_links":{"self":[{"href":"https:\/\/parsplumbing.ca\/fr\/wp-json\/wp\/v2\/pages\/1374","targetHints":{"allow":["GET"]}}],"collection":[{"href":"https:\/\/parsplumbing.ca\/fr\/wp-json\/wp\/v2\/pages"}],"about":[{"href":"https:\/\/parsplumbing.ca\/fr\/wp-json\/wp\/v2\/types\/page"}],"author":[{"embeddable":true,"href":"https:\/\/parsplumbing.ca\/fr\/wp-json\/wp\/v2\/users\/2"}],"replies":[{"embeddable":true,"href":"https:\/\/parsplumbing.ca\/fr\/wp-json\/wp\/v2\/comments?post=1374"}],"version-history":[{"count":22,"href":"https:\/\/parsplumbing.ca\/fr\/wp-json\/wp\/v2\/pages\/1374\/revisions"}],"predecessor-version":[{"id":5021,"href":"https:\/\/parsplumbing.ca\/fr\/wp-json\/wp\/v2\/pages\/1374\/revisions\/5021"}],"up":[{"embeddable":true,"href":"https:\/\/parsplumbing.ca\/fr\/wp-json\/wp\/v2\/pages\/1292"}],"wp:attachment":[{"href":"https:\/\/parsplumbing.ca\/fr\/wp-json\/wp\/v2\/media?parent=1374"}],"curies":[{"name":"wp","href":"https:\/\/api.w.org\/{rel}","templated":true}]}}