{"id":1320,"date":"2023-12-16T07:46:11","date_gmt":"2023-12-16T11:46:11","guid":{"rendered":"https:\/\/parsplumbing.ca\/chauffage-au-gaz\/"},"modified":"2026-04-27T09:56:26","modified_gmt":"2026-04-27T13:56:26","slug":"dispositifs-au-gaz","status":"publish","type":"page","link":"https:\/\/parsplumbing.ca\/fr\/gaz\/dispositifs-au-gaz\/","title":{"rendered":"Foyer au gaz"},"content":{"rendered":"\t\t<div data-elementor-type=\"wp-page\" data-elementor-id=\"1320\" class=\"elementor elementor-1320\" data-elementor-post-type=\"page\">\n\t\t\t\t\t\t<section class=\"elementor-section elementor-top-section elementor-element elementor-element-ae7e4d2 elementor-hidden-tablet elementor-hidden-mobile elementor-section-boxed elementor-section-height-default elementor-section-height-default\" data-id=\"ae7e4d2\" data-element_type=\"section\" data-e-type=\"section\" data-settings=\"{&quot;background_background&quot;:&quot;classic&quot;}\">\n\t\t\t\t\t\t<div class=\"elementor-container elementor-column-gap-default\">\n\t\t\t\t\t<div class=\"elementor-column elementor-col-100 elementor-top-column elementor-element elementor-element-a5202f0\" data-id=\"a5202f0\" data-element_type=\"column\" data-e-type=\"column\">\n\t\t\t<div class=\"elementor-widget-wrap elementor-element-populated\">\n\t\t\t\t\t\t<div class=\"elementor-element elementor-element-d4990cd elementor-widget elementor-widget-spacer\" data-id=\"d4990cd\" data-element_type=\"widget\" data-e-type=\"widget\" data-widget_type=\"spacer.default\">\n\t\t\t\t<div class=\"elementor-widget-container\">\n\t\t\t\t\t\t\t<div class=\"elementor-spacer\">\n\t\t\t<div class=\"elementor-spacer-inner\"><\/div>\n\t\t<\/div>\n\t\t\t\t\t\t<\/div>\n\t\t\t\t<\/div>\n\t\t\t\t\t<\/div>\n\t\t<\/div>\n\t\t\t\t\t<\/div>\n\t\t<\/section>\n\t\t\t\t<section class=\"elementor-section elementor-top-section elementor-element elementor-element-72ed0c5 elementor-hidden-desktop elementor-section-boxed elementor-section-height-default elementor-section-height-default\" data-id=\"72ed0c5\" data-element_type=\"section\" data-e-type=\"section\">\n\t\t\t\t\t\t<div class=\"elementor-container elementor-column-gap-default\">\n\t\t\t\t\t<div class=\"elementor-column elementor-col-100 elementor-top-column elementor-element elementor-element-c379e4a\" data-id=\"c379e4a\" data-element_type=\"column\" data-e-type=\"column\">\n\t\t\t<div class=\"elementor-widget-wrap elementor-element-populated\">\n\t\t\t\t\t\t<div class=\"elementor-element elementor-element-a4aa344 elementor-widget elementor-widget-image\" data-id=\"a4aa344\" data-element_type=\"widget\" data-e-type=\"widget\" data-widget_type=\"image.default\">\n\t\t\t\t<div class=\"elementor-widget-container\">\n\t\t\t\t\t\t\t\t\t\t\t\t\t\t\t\t<a href=\"https:\/\/parsplumbing.ca\/fr\/services-2\/chauffage\/reparations-et-remplacement-de-la-chaudiere\/\">\n\t\t\t\t\t\t\t<img decoding=\"async\" src=\"https:\/\/parsplumbing.ca\/wp-content\/uploads\/2024\/09\/OFF-Boiler-En-FINAL-2.jpg\" title=\"\" alt=\"10% OFF on all gas boilers\" loading=\"lazy\" \/>\t\t\t\t\t\t\t\t<\/a>\n\t\t\t\t\t\t\t\t\t\t\t\t\t\t\t<\/div>\n\t\t\t\t<\/div>\n\t\t\t\t\t<\/div>\n\t\t<\/div>\n\t\t\t\t\t<\/div>\n\t\t<\/section>\n\t\t\t\t<section class=\"elementor-section elementor-top-section elementor-element elementor-element-7b18de8 elementor-section-boxed elementor-section-height-default elementor-section-height-default\" data-id=\"7b18de8\" data-element_type=\"section\" data-e-type=\"section\">\n\t\t\t\t\t\t<div class=\"elementor-container elementor-column-gap-default\">\n\t\t\t\t\t<div class=\"elementor-column elementor-col-33 elementor-top-column elementor-element elementor-element-12470e7\" data-id=\"12470e7\" data-element_type=\"column\" data-e-type=\"column\">\n\t\t\t<div class=\"elementor-widget-wrap elementor-element-populated\">\n\t\t\t\t\t\t<div class=\"elementor-element elementor-element-d997f16 elementor-widget elementor-widget-text-editor\" data-id=\"d997f16\" data-element_type=\"widget\" data-e-type=\"widget\" data-widget_type=\"text-editor.default\">\n\t\t\t\t<div class=\"elementor-widget-container\">\n\t\t\t\t\t\t\t\t\t<p>Un foyer \u00e0 gaz appara\u00eet comme une alternative moderne et efficace aux homologues traditionnels au bois, offrant \u00e0 la fois chaleur et attrait esth\u00e9tique aux maisons. Aliment\u00e9s au gaz naturel ou au propane, ces foyers offrent une source de chaleur pratique et propre, \u00e9liminant le besoin de b\u00fbches de bois et le d\u00e9sordre qui y est associ\u00e9. Nous sommes sp\u00e9cialis\u00e9s dans l\u2019installation de foyer Montr\u00e9al s\u00fbre et efficace de foyers \u00e0 gaz, garantissant que le processus est g\u00e9r\u00e9 par des professionnels agr\u00e9\u00e9s qui adh\u00e8rent \u00e0 tous les codes de s\u00e9curit\u00e9. Cela garantit non seulement un ajout beau et chaleureux \u00e0 votre domicile ou votre entreprise, mais aussi la tranquillit\u00e9 d\u2019esprit que procure un travail bien fait.<\/p>\n\t\t\t\t\t\t\t\t<\/div>\n\t\t\t\t<\/div>\n\t\t\t\t\t<\/div>\n\t\t<\/div>\n\t\t\t\t<div class=\"elementor-column elementor-col-33 elementor-top-column elementor-element elementor-element-22c4c1d\" data-id=\"22c4c1d\" data-element_type=\"column\" data-e-type=\"column\">\n\t\t\t<div class=\"elementor-widget-wrap\">\n\t\t\t\t\t\t\t<\/div>\n\t\t<\/div>\n\t\t\t\t<div class=\"elementor-column elementor-col-33 elementor-top-column elementor-element elementor-element-2b265fa\" data-id=\"2b265fa\" data-element_type=\"column\" data-e-type=\"column\">\n\t\t\t<div class=\"elementor-widget-wrap elementor-element-populated\">\n\t\t\t\t\t\t<div class=\"elementor-element elementor-element-97793f4 elementor-position-top elementor-widget elementor-widget-image-box\" data-id=\"97793f4\" data-element_type=\"widget\" data-e-type=\"widget\" data-widget_type=\"image-box.default\">\n\t\t\t\t<div class=\"elementor-widget-container\">\n\t\t\t\t\t<div class=\"elementor-image-box-wrapper\"><figure class=\"elementor-image-box-img\"><img fetchpriority=\"high\" decoding=\"async\" width=\"750\" height=\"499\" src=\"https:\/\/parsplumbing.ca\/wp-content\/uploads\/2024\/03\/enviroc60tall.jpg\" class=\"attachment-full size-full wp-image-3227\" alt=\"gas fireplace\" srcset=\"https:\/\/parsplumbing.ca\/wp-content\/uploads\/2024\/03\/enviroc60tall.jpg 750w, https:\/\/parsplumbing.ca\/wp-content\/uploads\/2024\/03\/enviroc60tall-300x200.jpg 300w\" sizes=\"(max-width: 750px) 100vw, 750px\" \/><\/figure><\/div>\t\t\t\t<\/div>\n\t\t\t\t<\/div>\n\t\t\t\t\t<\/div>\n\t\t<\/div>\n\t\t\t\t\t<\/div>\n\t\t<\/section>\n\t\t\t\t<section class=\"elementor-section elementor-top-section elementor-element elementor-element-68bcc2f elementor-section-boxed elementor-section-height-default elementor-section-height-default\" data-id=\"68bcc2f\" data-element_type=\"section\" data-e-type=\"section\">\n\t\t\t\t\t\t<div class=\"elementor-container elementor-column-gap-default\">\n\t\t\t\t\t<div class=\"elementor-column elementor-col-100 elementor-top-column elementor-element elementor-element-f0894b2\" data-id=\"f0894b2\" data-element_type=\"column\" data-e-type=\"column\">\n\t\t\t<div class=\"elementor-widget-wrap elementor-element-populated\">\n\t\t\t\t\t\t<div class=\"elementor-element elementor-element-f29d68d elementor-widget elementor-widget-text-editor\" data-id=\"f29d68d\" data-element_type=\"widget\" data-e-type=\"widget\" data-widget_type=\"text-editor.default\">\n\t\t\t\t<div class=\"elementor-widget-container\">\n\t\t\t\t\t\t\t\t\t<p>Les foyers au gaz apportent \u00e0 la fois chaleur et ambiance \u00e0 n\u2019importe quel espace, mais le choix du bon mod\u00e8le est crucial pour l\u2019efficacit\u00e9 \u00e9nerg\u00e9tique. Pour vous aider \u00e0 prendre une d\u00e9cision \u00e9clair\u00e9e, explorez le document informatif fourni par le minist\u00e8re des Ressources naturelles du Canada sur les foyers au gaz en suivant le lien ci-dessous. Faites-nous confiance pour am\u00e9liorer votre environnement de vie ou de travail avec un foyer au gaz parfaitement install\u00e9 et \u00e9conome en \u00e9nergie.<br \/>Si vous \u00eates \u00e0 la recherche d&rsquo;un nouveau foyer, visitez notre salle de montre de foyers au gaz Montr\u00e9al pour d\u00e9couvrir une large gamme de mod\u00e8les. Nous avons \u00e9galement une salle de montre de foyers Napoleon pour ceux qui pr\u00e9f\u00e8rent cette marque.<br \/>En plus de l&rsquo;installation, nous offrons \u00e9galement des services de r\u00e9paration de foyer Montr\u00e9al. Nos techniciens qualifi\u00e9s sont en mesure de diagnostiquer et de r\u00e9parer rapidement et efficacement tout probl\u00e8me avec votre foyer \u00e0 gaz.<br \/>N&rsquo;h\u00e9sitez pas \u00e0 nous contacter pour toute question ou pour planifier une consultation.<\/p>\t\t\t\t\t\t\t\t<\/div>\n\t\t\t\t<\/div>\n\t\t\t\t\t<\/div>\n\t\t<\/div>\n\t\t\t\t\t<\/div>\n\t\t<\/section>\n\t\t\t\t<\/div>\n\t\t","protected":false},"excerpt":{"rendered":"<p>Un foyer \u00e0 gaz appara\u00eet comme une alternative moderne et efficace aux homologues traditionnels au bois, offrant \u00e0 la fois chaleur et attrait esth\u00e9tique aux maisons. Aliment\u00e9s au gaz naturel ou au propane, ces foyers offrent une source de chaleur pratique et propre, \u00e9liminant le besoin de b\u00fbches de bois et le d\u00e9sordre qui y [&hellip;]<\/p>\n","protected":false},"author":2,"featured_media":0,"parent":1292,"menu_order":0,"comment_status":"open","ping_status":"closed","template":"","meta":{"footnotes":""},"class_list":["post-1320","page","type-page","status-publish","hentry"],"_links":{"self":[{"href":"https:\/\/parsplumbing.ca\/fr\/wp-json\/wp\/v2\/pages\/1320","targetHints":{"allow":["GET"]}}],"collection":[{"href":"https:\/\/parsplumbing.ca\/fr\/wp-json\/wp\/v2\/pages"}],"about":[{"href":"https:\/\/parsplumbing.ca\/fr\/wp-json\/wp\/v2\/types\/page"}],"author":[{"embeddable":true,"href":"https:\/\/parsplumbing.ca\/fr\/wp-json\/wp\/v2\/users\/2"}],"replies":[{"embeddable":true,"href":"https:\/\/parsplumbing.ca\/fr\/wp-json\/wp\/v2\/comments?post=1320"}],"version-history":[{"count":22,"href":"https:\/\/parsplumbing.ca\/fr\/wp-json\/wp\/v2\/pages\/1320\/revisions"}],"predecessor-version":[{"id":5692,"href":"https:\/\/parsplumbing.ca\/fr\/wp-json\/wp\/v2\/pages\/1320\/revisions\/5692"}],"up":[{"embeddable":true,"href":"https:\/\/parsplumbing.ca\/fr\/wp-json\/wp\/v2\/pages\/1292"}],"wp:attachment":[{"href":"https:\/\/parsplumbing.ca\/fr\/wp-json\/wp\/v2\/media?parent=1320"}],"curies":[{"name":"wp","href":"https:\/\/api.w.org\/{rel}","templated":true}]}}